{"id":1997,"date":"2021-06-13T20:46:47","date_gmt":"2021-06-13T18:46:47","guid":{"rendered":"https:\/\/greenbotanic.es\/product\/emulsao"},"modified":"2021-10-18T10:38:51","modified_gmt":"2021-10-18T08:38:51","slug":"emulsao","status":"publish","type":"product","link":"https:\/\/greenbotanic.es\/pt-pt\/product\/emulsao","title":{"rendered":"EMULS\u00c3O"},"content":{"rendered":"<p><strong>Utiliza\u00e7\u00e3o:<\/strong><\/p>\n<p>Aplicar diariamente na pele com uma massagem suave at\u00e9 completa absor\u00e7\u00e3o, insistindo nas zonas do corpo com maior ressecamento.<\/p>\n<p><strong>Precau\u00e7\u00f5es:<\/strong><\/p>\n<p>Em caso de contato com os olhos, lavar imediata e abundantemente com \u00e1gua.<\/p>\n<h2>Produtos relacionados<\/h2>\n            <!-- Style 02 -->\r\n            <div class=\"atw_wrapper\">\r\n                <div class=\"atw_container-fluid\">\r\n                    <div class=\"atw_row\">\r\n                        <div class=\"col-md-12\">\r\n\r\n                                                    <script>\r\n                                (function ($) {\r\n                                    jQuery(document).ready(function () {\r\n                                        'use strict';\r\n                                        $(\".atw_slider_wrapper\").each(function (ind, elm) {\r\n                                            $(elm).css({\"display\": \"block\"});\r\n                                        });\r\n                                        \/\/ this object contains general option for owl carousel instances\r\n                                        var defaultOptions = {\r\n                                            loop:true,\r\n                                            rtl: false,\r\n                                            items: 4,\r\n                                            dots: false,\r\n                                            autoplay: true,\r\n                                            margin: 30,\r\n                                            autoplayHoverPause:true,\r\n                                            slideBy:1,\r\n                                            autoplaySpeed: 4000,\r\n                                            autoplayTimeout:2000,\r\n                                                                                        responsive: {\r\n                                                0: {\r\n                                                    items: 2                                                },\r\n                                                350: {\r\n                                                    items:2                                                },\r\n                                                480: {\r\n                                                    items:3                                                },\r\n                                                600: {\r\n                                                    items:2                                                },\r\n                                                768: {\r\n                                                    items:3                                                },\r\n                                                978: {\r\n                                                    items:4                                              },\r\n                                                1198: {\r\n                                                    items:4                                                }\r\n                                            }\r\n                                        };\r\n\r\n\r\n                                        \/*@param selector is a string name of the selctor that needs to be initialized,\r\n                                        * @param specificOptions object that contains options for specific instance of owlCarousel, pass null\r\n                                        * if no additional option necessary\r\n                                        * @param prevs and next are the control selector for the specific owlcarousel instance\r\n                                        *\/\r\n                                        function owlInit(selector, specificOptions, prev, next) {\r\n                                            var specificOptions = specificOptions || {},\r\n                                                $selector = $(selector);\r\n\r\n                                            $selector.owlCarousel(\r\n                                                $.extend({}, defaultOptions, specificOptions)\r\n                                            );\r\n\r\n                                            if ((prev != 'undefined' || prev != 'null') || (next != 'undefined' || next != 'null')) {\r\n                                                $(prev).on('click', function () {\r\n                                                    $selector.trigger('prev.owl.carousel');\r\n                                                });\r\n                                                $(next).on('click', function () {\r\n                                                    $selector.trigger('next.owl.carousel');\r\n                                                });\r\n                                            }\r\n                                        }\r\n\r\n                                        owlInit('.atw--slider1236506628', null, '.slider--control1236506628.icon-arrow-left', '.slider--control1236506628.icon-arrow-right');\r\n\r\n                                        $('[data-vc-tabs]').on('click', function (e) {\r\n                                            e.preventDefault();\r\n\r\n                                        });\r\n\r\n                                    });\r\n                                })(jQuery)\r\n\r\n                            <\/script>\r\n                            <style>\r\n    \/* style one *\/\r\n    #atw_style1 .atw_item .atw_overlay_content {\r\n        width: -webkit-calc( 100% - 42px);\r\n        width: calc( 100% - 42px);\r\n        left: 21px;\r\n        bottom: 0px;\r\n        background: #fff;\r\n        opacity: 0;\r\n    }\r\n\r\n    #atw_style1 .atw_item .atw_badge {\r\n        right: 10px;\r\n        top: 10px;\r\n    }\r\n\r\n    #atw_style1 .atw_item .atw_badge span {\r\n        background: #ff5500 !important;\r\n        -webkit-border-radius: 500px;\r\n        border-radius: 500px;\r\n        color: #fff !important;\r\n        display: inline-block;\r\n        line-height: 50px;\r\n        width: 50px;\r\n        font-size: 14px;\r\n        text-align: center;\r\n    }\r\n\r\n    #atw_style1 .atw_item .atw_product_actions {\r\n        display: -webkit-box;\r\n        display: -webkit-flex;\r\n        display: -ms-flexbox;\r\n        display: flex;\r\n        -webkit-justify-content: space-around;\r\n        -ms-flex-pack: distribute;\r\n        justify-content: space-around;\r\n        padding: 10px 0 7px 0;\r\n        -webkit-box-shadow: 0 5px 5px rgba(84, 77, 124, 0.1);\r\n        box-shadow: 0 5px 5px rgba(84, 77, 124, 0.1);\r\n    }\r\n\r\n    #atw_style1 .atw_item .atw_product_actions li a {\r\n        font-size: 18px;\r\n        color: #363940;\r\n        -webkit-transition: 0.3s;\r\n        -o-transition: 0.3s;\r\n        transition: 0.3s;\r\n    }\r\n\r\n    #atw_style1 .atw_item .atw_product_actions li a:hover {\r\n        color: #ff5500;\r\n    }\r\n\r\n    #atw_style1 .atw_item:hover .atw_item_top .atw_overlay_content {\r\n        opacity: 1;\r\n        bottom: 20px;\r\n    }\r\n\r\n    #atw_style1 .atw_item .atw_item_bottom {\r\n        padding-top: 20px;\r\n    }\r\n\r\n    #atw_style1 .atw_item .atw_item_bottom .atw_item_title {\r\n        font-weight: 400;\r\n    }\r\n\r\n    #atw_style1 .atw_item .atw_item_bottom .atw_item_title a {\r\n        color: #7ca389!important;\r\n        font-size: 16px!important;\r\n        line-height: 26px;\r\n        white-space: normal;\r\n        text-overflow: ellipsis;\r\n        overflow: hidden;\r\n        display: block;\r\n    }\r\n    #atw_style1 .atw_item .atw_item_bottom  h4 {\r\n        margin: 0 !important;\r\n        line-height: 0;\r\n    }\r\n\r\n    #atw_style1 .atw_item .atw_item_bottom .atw_item_title a:hover {\r\n        color: #ff5500!important;\r\n    }\r\n\r\n    #atw_style1 .atw_item .atw_item_bottom .atw_item_info {\r\n        display: -webkit-box;\r\n        display: -webkit-flex;\r\n        display: -ms-flexbox;\r\n        display: flex;\r\n        -webkit-box-pack: justify;\r\n        -webkit-justify-content: space-between;\r\n        -ms-flex-pack: justify;\r\n        justify-content: space-between;\r\n        -webkit-box-align: center;\r\n        -webkit-align-items: center;\r\n        -ms-flex-align: center;\r\n        align-items: center;\r\n        margin-top: 5px;\r\n    }\r\n\r\n    #atw_style1 .atw_item .atw_item_bottom .atw_item_info .atw_price,#atw_style1 .atw_item .atw_item_bottom .atw_item_info .atw_price .amount  {\r\n        color: #ff5500!important;\r\n        line-height: 48px;\r\n        font-size: 14px!important;\r\n        padding-left: 0;\r\n    }\r\n\r\n    #atw_style1 .atw_item .atw_item_bottom .atw_item_info .atw_price del {\r\n        color: #9192a3;\r\n        font-weight: 300;\r\n        font-size: 14px;\r\n    }\r\n\r\n    #atw_style1 .atw_item .atw_item_bottom .atw_item_info .atw_price .atw_discount_ratio {\r\n        border: 1px solid #ff5500;\r\n        font-size: 12px;\r\n        color: #ff5500;\r\n        line-height: 20px;\r\n        padding: 0 7px;\r\n        display: inline-block;\r\n        -webkit-border-radius: 2px;\r\n        border-radius: 2px;\r\n        margin-left: 4px;\r\n    }\r\n\r\n    #atw_style1 .slider_control {\r\n        position: absolute;\r\n        border: 1px solid #e4e4ed;\r\n        top: 38%!important;\r\n        -webkit-transform: translateY(-50%);\r\n        -ms-transform: translateY(-50%);\r\n        transform: translateY(-50%);\r\n    }\r\n\r\n    #atw_style1 .slider_control.icon-arrow-left {\r\n        left: -21px!important;\r\n    }\r\n    #atw_style1 .slider_control:hover {\r\n        border-color: #ff5500!important;\r\n        background: #ffffff!important;\r\n        color: #9192a3!important;\r\n    }\r\n\r\n    #atw_style1 .slider_control {\r\n        border-color: #e4e4ed!important;\r\n        background: #fff!important;\r\n        color: #9192a3!important;\r\n    }\r\n\r\n    #atw_style1 .slider_control.icon-arrow-right {\r\n        right: -21px!important;\r\n    }\r\n\r\n    #atw_style1 .add_to_cart_inline .amount {\r\n        display: none;\r\n    }\r\n    #atw_style1 .add_to_cart_inline {\r\n        border: none!important;\r\n        padding: 0!important;\r\n        margin : 0 !important;\r\n    }\r\n    #atw_style1 .atw_product_actions a {\r\n        background: none !important;\r\n    }\r\n    #atw_style1 .add_to_cart_inline:hover {\r\n        border: none!important;\r\n    }\r\n    #atw_style1 .added_to_cart {\r\n        display: none;\r\n    }\r\n    #atw_style1 .atw_item .atw_product_actions li .add_to_cart_button.added{\r\n        color: red;\r\n    }\r\n    \/*# sourceMappingURL=maps\/theme1.css.map *\/\r\n    #atw_style1 .atw_item .atw_product_actions {\r\n        flex-wrap: wrap;\r\n        margin-bottom: 0;\r\n    }\r\n    #atw_style1 .atw_item .atw_product_actions li {\r\n        margin-left: 0;\r\n    }\r\n    .woocommerce .woocommerce-product-rating .star-rating{\r\n        color: #FEB507;\r\n        margin: 0;\r\n    }\r\n    .atw_slider_wrapper {\r\n        position: relative;\r\n    }\r\n    #atw_style1 .atw_title  h3{\r\n        text-align: center!important;\r\n        color: #303030 !important;\r\n        font-size: 24px !important;\r\n    }\r\n<\/style>\r\n<div id=\"atw_style1\">\r\n        <div class=\"atw_slider_wrapper\">\r\n        <div class=\"atw_slider atw--slider1236506628\">\r\n                        <div class=\"atw_single_slide\">\r\n                <div class=\"atw_item atw--single_item\">\r\n                    <div class=\"atw_item_top\">\r\n                        <a href=\"https:\/\/greenbotanic.es\/pt-pt\/product\/emulsao\"><img decoding=\"async\" src=\"https:\/\/greenbotanic.es\/wp-content\/uploads\/2021\/06\/emulsion-green-botanic-1-300x300.jpg\" class=\"wpcsp-thumb\"  alt=\"EMULS\u00c3O\" \/><\/a>\r\n                                                <section style=\"display: none\">\r\n                            <div class=\"lightbox\" style=\"display: flex;\" id=\"f1997\">\r\n                                <div class=\"atw_image_l\" style=\"margin-right: 30px;\"><img decoding=\"async\" src=\"https:\/\/greenbotanic.es\/wp-content\/uploads\/2021\/06\/emulsion-green-botanic-1-300x300.jpg\" class=\"wpcsp-thumb\"  alt=\"EMULS\u00c3O\" \/><\/div>\r\n                                <div class=\"atw_product_desc\">\r\n                                    <h1 style=\"font-size: 40px; margin-bottom: 30px\">EMULS\u00c3O<\/h1>\r\n                                    <span class=\"atw_product_price\" style=\"display: block; margin-bottom: 30px; color: red; font-size: 20px;\"><span class=\"woocommerce-Price-amount amount\"><bdi>0.00<span class=\"woocommerce-Price-currencySymbol\">&euro;<\/span><\/bdi><\/span><\/span>\r\n                                    <p>Leite corporal hidratante que cuida e suaviza a pele, para uso di\u00e1rio em peles secas. Aroma verbena. Com AZEITE, MANTEIGA DE KARITE E EXTRACTOS DE ALOE VERA E GINKGO BILOBA.<\/p>\r\n                                    <p class=\"product woocommerce add_to_cart_inline \" style=\"border:4px solid #ccc; padding: 12px;\"><a href=\"https:\/\/greenbotanic.es\/pt-pt\/product\/emulsao\" aria-describedby=\"woocommerce_loop_add_to_cart_link_describedby_1997\" data-quantity=\"1\" class=\"button product_type_variable add_to_cart_button\" data-product_id=\"1997\" data-product_sku=\"\" aria-label=\"Seleccione as op\u00e7\u00f5es para &ldquo;EMULS\u00c3O&rdquo;\" rel=\"nofollow\">Ver op\u00e7\u00f5es<\/a>\t<span id=\"woocommerce_loop_add_to_cart_link_describedby_1997\" class=\"screen-reader-text\">\n\t\tThis product has multiple variants. The options may be chosen on the product page\t<\/span>\n<\/p>                                <\/div>\r\n                            <\/div>\r\n                        <\/section>\r\n                        <div class=\"atw_floated_badge badge--right\"><\/div><div class=\"atw_floated_badge badge--left\"><\/div><div class=\"atw_floated_badge badge--right\"><\/div>\r\n                    <\/div>\r\n\r\n                    <div class=\"atw_item_bottom\">\r\n                                                    <h4 class=\"atw_item_title\">\r\n                                <a href=\"https:\/\/greenbotanic.es\/pt-pt\/product\/emulsao\">EMULS\u00c3O<\/a>\r\n                            <\/h4>\r\n                        \r\n                        <div class=\"atw_item_info\">\r\n                                                    <\/div>\r\n                    <\/div>\r\n                <\/div>\r\n                <!-- end .atw_single_slide -->\r\n            <\/div>\r\n            <!-- Ends: .atw_single_slide -->\r\n                        <div class=\"atw_single_slide\">\r\n                <div class=\"atw_item atw--single_item\">\r\n                    <div class=\"atw_item_top\">\r\n                        <a href=\"https:\/\/greenbotanic.es\/pt-pt\/product\/gel-de-banho\"><img decoding=\"async\" src=\"https:\/\/greenbotanic.es\/wp-content\/uploads\/2021\/06\/gel-de-bano-green-botanic-1-300x300.jpg\" class=\"wpcsp-thumb\"  alt=\"GEL DE BANHO\" \/><\/a>\r\n                                                <section style=\"display: none\">\r\n                            <div class=\"lightbox\" style=\"display: flex;\" id=\"f2000\">\r\n                                <div class=\"atw_image_l\" style=\"margin-right: 30px;\"><img decoding=\"async\" src=\"https:\/\/greenbotanic.es\/wp-content\/uploads\/2021\/06\/gel-de-bano-green-botanic-1-300x300.jpg\" class=\"wpcsp-thumb\"  alt=\"GEL DE BANHO\" \/><\/div>\r\n                                <div class=\"atw_product_desc\">\r\n                                    <h1 style=\"font-size: 40px; margin-bottom: 30px\">GEL DE BANHO<\/h1>\r\n                                    <span class=\"atw_product_price\" style=\"display: block; margin-bottom: 30px; color: red; font-size: 20px;\"><span class=\"woocommerce-Price-amount amount\"><bdi>0.00<span class=\"woocommerce-Price-currencySymbol\">&euro;<\/span><\/bdi><\/span><\/span>\r\n                                    <p>Gel transparente para uso di\u00e1rio com espuma abundante e macia. F\u00f3rmula enriquecida com agentes com propriedades suavizantes e calmantes, ideal para uma pele cuidada e protegida. Com GLYCERIN, ALOE VERA EXTRACT, GINKGO BILOBA EXTRACT.<\/p>\r\n                                    <p class=\"product woocommerce add_to_cart_inline \" style=\"border:4px solid #ccc; padding: 12px;\"><a href=\"https:\/\/greenbotanic.es\/pt-pt\/product\/gel-de-banho\" aria-describedby=\"woocommerce_loop_add_to_cart_link_describedby_2000\" data-quantity=\"1\" class=\"button product_type_variable add_to_cart_button\" data-product_id=\"2000\" data-product_sku=\"\" aria-label=\"Seleccione as op\u00e7\u00f5es para &ldquo;GEL DE BANHO&rdquo;\" rel=\"nofollow\">Ver op\u00e7\u00f5es<\/a>\t<span id=\"woocommerce_loop_add_to_cart_link_describedby_2000\" class=\"screen-reader-text\">\n\t\tThis product has multiple variants. The options may be chosen on the product page\t<\/span>\n<\/p>                                <\/div>\r\n                            <\/div>\r\n                        <\/section>\r\n                        <div class=\"atw_floated_badge badge--right\"><\/div><div class=\"atw_floated_badge badge--left\"><\/div><div class=\"atw_floated_badge badge--right\"><\/div>\r\n                    <\/div>\r\n\r\n                    <div class=\"atw_item_bottom\">\r\n                                                    <h4 class=\"atw_item_title\">\r\n                                <a href=\"https:\/\/greenbotanic.es\/pt-pt\/product\/gel-de-banho\">GEL DE BANHO<\/a>\r\n                            <\/h4>\r\n                        \r\n                        <div class=\"atw_item_info\">\r\n                                                    <\/div>\r\n                    <\/div>\r\n                <\/div>\r\n                <!-- end .atw_single_slide -->\r\n            <\/div>\r\n            <!-- Ends: .atw_single_slide -->\r\n                        <div class=\"atw_single_slide\">\r\n                <div class=\"atw_item atw--single_item\">\r\n                    <div class=\"atw_item_top\">\r\n                        <a href=\"https:\/\/greenbotanic.es\/pt-pt\/product\/agua-micelar\"><img decoding=\"async\" src=\"https:\/\/greenbotanic.es\/wp-content\/uploads\/2021\/06\/agua-micelar-green-botanic-1-300x300.jpg\" class=\"wpcsp-thumb\"  alt=\"AGUA MICELAR\" \/><\/a>\r\n                                                <section style=\"display: none\">\r\n                            <div class=\"lightbox\" style=\"display: flex;\" id=\"f2003\">\r\n                                <div class=\"atw_image_l\" style=\"margin-right: 30px;\"><img decoding=\"async\" src=\"https:\/\/greenbotanic.es\/wp-content\/uploads\/2021\/06\/agua-micelar-green-botanic-1-300x300.jpg\" class=\"wpcsp-thumb\"  alt=\"AGUA MICELAR\" \/><\/div>\r\n                                <div class=\"atw_product_desc\">\r\n                                    <h1 style=\"font-size: 40px; margin-bottom: 30px\">AGUA MICELAR<\/h1>\r\n                                    <span class=\"atw_product_price\" style=\"display: block; margin-bottom: 30px; color: red; font-size: 20px;\"><span class=\"woocommerce-Price-amount amount\"><bdi>0.00<span class=\"woocommerce-Price-currencySymbol\">&euro;<\/span><\/bdi><\/span><\/span>\r\n                                    <p>\u00c1gua micelar formulada com agentes de limpeza suaves, desengordurantes, que cuidam, limpam e removem a maquilhagem da pele do rosto. Com GLYCERIN, ALOE VERA EXTRACT, GINKGO BILOBA EXTRACT, ingredientes ativos hidratantes e suavizantes para peles sens\u00edveis.<\/p>\r\n                                    <p class=\"product woocommerce add_to_cart_inline \" style=\"border:4px solid #ccc; padding: 12px;\"><a href=\"https:\/\/greenbotanic.es\/pt-pt\/product\/agua-micelar\" aria-describedby=\"woocommerce_loop_add_to_cart_link_describedby_2003\" data-quantity=\"1\" class=\"button product_type_variable add_to_cart_button\" data-product_id=\"2003\" data-product_sku=\"\" aria-label=\"Seleccione as op\u00e7\u00f5es para &ldquo;AGUA MICELAR&rdquo;\" rel=\"nofollow\">Ver op\u00e7\u00f5es<\/a>\t<span id=\"woocommerce_loop_add_to_cart_link_describedby_2003\" class=\"screen-reader-text\">\n\t\tThis product has multiple variants. The options may be chosen on the product page\t<\/span>\n<\/p>                                <\/div>\r\n                            <\/div>\r\n                        <\/section>\r\n                        <div class=\"atw_floated_badge badge--right\"><\/div><div class=\"atw_floated_badge badge--left\"><\/div><div class=\"atw_floated_badge badge--right\"><\/div>\r\n                    <\/div>\r\n\r\n                    <div class=\"atw_item_bottom\">\r\n                                                    <h4 class=\"atw_item_title\">\r\n                                <a href=\"https:\/\/greenbotanic.es\/pt-pt\/product\/agua-micelar\">AGUA MICELAR<\/a>\r\n                            <\/h4>\r\n                        \r\n                        <div class=\"atw_item_info\">\r\n                                                    <\/div>\r\n                    <\/div>\r\n                <\/div>\r\n                <!-- end .atw_single_slide -->\r\n            <\/div>\r\n            <!-- Ends: .atw_single_slide -->\r\n                        <div class=\"atw_single_slide\">\r\n                <div class=\"atw_item atw--single_item\">\r\n                    <div class=\"atw_item_top\">\r\n                        <a href=\"https:\/\/greenbotanic.es\/pt-pt\/product\/roll-on\"><img decoding=\"async\" src=\"https:\/\/greenbotanic.es\/wp-content\/uploads\/2021\/06\/desodorante-roll-on-1-300x300.jpg\" class=\"wpcsp-thumb\"  alt=\"ROLL ON\" \/><\/a>\r\n                                                <section style=\"display: none\">\r\n                            <div class=\"lightbox\" style=\"display: flex;\" id=\"f2006\">\r\n                                <div class=\"atw_image_l\" style=\"margin-right: 30px;\"><img decoding=\"async\" src=\"https:\/\/greenbotanic.es\/wp-content\/uploads\/2021\/06\/desodorante-roll-on-1-300x300.jpg\" class=\"wpcsp-thumb\"  alt=\"ROLL ON\" \/><\/div>\r\n                                <div class=\"atw_product_desc\">\r\n                                    <h1 style=\"font-size: 40px; margin-bottom: 30px\">ROLL ON<\/h1>\r\n                                    <span class=\"atw_product_price\" style=\"display: block; margin-bottom: 30px; color: red; font-size: 20px;\"><span class=\"woocommerce-Price-amount amount\"><bdi>0.00<span class=\"woocommerce-Price-currencySymbol\">&euro;<\/span><\/bdi><\/span><\/span>\r\n                                    <p>Desodorizante roll-on anti-transpirante com aroma de verbena que cuida da pele mais sens\u00edvel sem a irritar, regulando a transpira\u00e7\u00e3o e protegendo-a durante at\u00e9 24 horas. Com GLICERINA, VITAMINA E EXTRACTOS DE ALOE VERA E GINKGO BILOBA. Teste de efic\u00e1cia com 24 horas de protec\u00e7\u00e3o.<\/p>\r\n                                    <p class=\"product woocommerce add_to_cart_inline \" style=\"border:4px solid #ccc; padding: 12px;\"><a href=\"https:\/\/greenbotanic.es\/pt-pt\/product\/roll-on\" aria-describedby=\"woocommerce_loop_add_to_cart_link_describedby_2006\" data-quantity=\"1\" class=\"button product_type_variable add_to_cart_button\" data-product_id=\"2006\" data-product_sku=\"\" aria-label=\"Seleccione as op\u00e7\u00f5es para &ldquo;ROLL ON&rdquo;\" rel=\"nofollow\">Ver op\u00e7\u00f5es<\/a>\t<span id=\"woocommerce_loop_add_to_cart_link_describedby_2006\" class=\"screen-reader-text\">\n\t\tThis product has multiple variants. The options may be chosen on the product page\t<\/span>\n<\/p>                                <\/div>\r\n                            <\/div>\r\n                        <\/section>\r\n                        <div class=\"atw_floated_badge badge--right\"><\/div><div class=\"atw_floated_badge badge--left\"><\/div><div class=\"atw_floated_badge badge--right\"><\/div>\r\n                    <\/div>\r\n\r\n                    <div class=\"atw_item_bottom\">\r\n                                                    <h4 class=\"atw_item_title\">\r\n                                <a href=\"https:\/\/greenbotanic.es\/pt-pt\/product\/roll-on\">ROLL ON<\/a>\r\n                            <\/h4>\r\n                        \r\n                        <div class=\"atw_item_info\">\r\n                                                    <\/div>\r\n                    <\/div>\r\n                <\/div>\r\n                <!-- end .atw_single_slide -->\r\n            <\/div>\r\n            <!-- Ends: .atw_single_slide -->\r\n            \r\n        <\/div>\r\n\r\n                <span class=\"slider_control slider_control_round slider--control1236506628 icon-arrow-left\"><\/span>\r\n        <span class=\"slider_control slider_control_round slider--control1236506628 icon-arrow-right\"><\/span>\r\n            <\/div>\r\n    <!-- Ends: .atw_slider_wrapper -->\r\n<\/div>\r\n<!-- end #atw_style1 -->\r\n                            <\/div>\r\n                            <!-- Ends: .col-md-12 -->\r\n                        <\/div>\r\n                    <\/div>\r\n                <\/div>\r\n\r\n\r\n                \n","protected":false},"excerpt":{"rendered":"<p>Leite corporal hidratante que cuida e suaviza a pele, para uso di\u00e1rio em peles secas. Aroma verbena. Com AZEITE, MANTEIGA DE KARITE E EXTRACTOS DE ALOE VERA E GINKGO BILOBA.<\/p>\n","protected":false},"featured_media":1998,"comment_status":"open","ping_status":"closed","template":"","meta":[],"product_brand":[],"product_cat":[85,84],"product_tag":[],"class_list":{"0":"post-1997","1":"product","2":"type-product","3":"status-publish","4":"has-post-thumbnail","6":"product_cat-dermo-impulso-pt-pt","7":"product_cat-linea-dermo","8":"pa_formato-200-ml-pt-pt","9":"","10":"woocommerce-text-align-center","11":"woocommerce-image-align-center","13":"first","14":"instock","15":"shipping-taxable","16":"purchasable","17":"product-type-variable"},"_links":{"self":[{"href":"https:\/\/greenbotanic.es\/pt-pt\/wp-json\/wp\/v2\/product\/1997","targetHints":{"allow":["GET"]}}],"collection":[{"href":"https:\/\/greenbotanic.es\/pt-pt\/wp-json\/wp\/v2\/product"}],"about":[{"href":"https:\/\/greenbotanic.es\/pt-pt\/wp-json\/wp\/v2\/types\/product"}],"replies":[{"embeddable":true,"href":"https:\/\/greenbotanic.es\/pt-pt\/wp-json\/wp\/v2\/comments?post=1997"}],"wp:featuredmedia":[{"embeddable":true,"href":"https:\/\/greenbotanic.es\/pt-pt\/wp-json\/wp\/v2\/media\/1998"}],"wp:attachment":[{"href":"https:\/\/greenbotanic.es\/pt-pt\/wp-json\/wp\/v2\/media?parent=1997"}],"wp:term":[{"taxonomy":"product_brand","embeddable":true,"href":"https:\/\/greenbotanic.es\/pt-pt\/wp-json\/wp\/v2\/product_brand?post=1997"},{"taxonomy":"product_cat","embeddable":true,"href":"https:\/\/greenbotanic.es\/pt-pt\/wp-json\/wp\/v2\/product_cat?post=1997"},{"taxonomy":"product_tag","embeddable":true,"href":"https:\/\/greenbotanic.es\/pt-pt\/wp-json\/wp\/v2\/product_tag?post=1997"}],"curies":[{"name":"wp","href":"https:\/\/api.w.org\/{rel}","templated":true}]}}