{"id":2302,"date":"2021-10-19T17:07:24","date_gmt":"2021-10-19T15:07:24","guid":{"rendered":"https:\/\/greenbotanic.es\/politica-de-privacidade"},"modified":"2021-11-12T15:00:54","modified_gmt":"2021-11-12T14:00:54","slug":"politica-de-privacidade","status":"publish","type":"page","link":"https:\/\/greenbotanic.es\/pt-pt\/politica-de-privacidade","title":{"rendered":"Pol\u00edtica de Privacidade"},"content":{"rendered":"\n<p>GREEN SELECT FRAGANTIS S.L. em conformidade com as disposi\u00e7\u00f5es do Regulamento Geral de Protec\u00e7\u00e3o de Dados (RGPD 2016\/679), informa os utilizadores do website https:\/\/greenbotanic.es\/:<\/p>\n\n<p><strong>Quem \u00e9 respons\u00e1vel pelo tratamento dos seus dados?<\/strong><\/p>\n\n<p>Os dados fornecidos pelo utilizador atrav\u00e9s dos formul\u00e1rios deste website ser\u00e3o inclu\u00eddos no processamento de dados pelos quais GREEN SELECT FRAGANTIS S.L. \u00e9 respons\u00e1vel, com n\u00famero de identifica\u00e7\u00e3o fiscal B99416752 e endere\u00e7o para efeitos de notifica\u00e7\u00e3o em Pol. Malpica, C\/D, Parc. 66, Local C, S\/N, 50016 Sarago\u00e7a.<\/p>\n\n<p>Pode contactar-nos pelo telefone 976457070 ou por e-mail para protecciondedatos@saphir.es.<\/p>\n\n<p><strong>Para que fins recolhemos os seus dados?<\/strong><\/p>\n\n<p>Este website recolhe dados pessoais atrav\u00e9s de diferentes formul\u00e1rios. Os dados solicitados em cada formul\u00e1rio s\u00e3o os necess\u00e1rios para os fins para os quais s\u00e3o recolhidos. A finalidade do processamento \u00e9 a seguinte:<\/p>\n\n<p>FORMUL\u00c1RIO DE CONTACTO:<\/p>\n\n<p>O objectivo da recolha de dados neste formul\u00e1rio \u00e9 poder responder \u00e0s quest\u00f5es levantadas e enviar ao utilizador as informa\u00e7\u00f5es solicitadas atrav\u00e9s do e-mail ou telefone indicado no formul\u00e1rio.<\/p>\n\n<p>E-MAIL:<\/p>\n\n<p>Se o utilizador nos contactar atrav\u00e9s do endere\u00e7o de correio electr\u00f3nico publicado neste website, os seus dados ser\u00e3o processados de modo a responder \u00e0s quest\u00f5es colocadas e a poder enviar-lhes as informa\u00e7\u00f5es solicitadas atrav\u00e9s do endere\u00e7o de correio electr\u00f3nico atrav\u00e9s do qual a consulta \u00e9 recebida.<\/p>\n\n<p><strong>Que categoria de dados processamos?<\/strong><\/p>\n\n<p>Os dados recolhidos, incluindo mas n\u00e3o se limitando a, referem-se \u00e0 categoria de dados de identifica\u00e7\u00e3o, tais como: Nome e apelido, Telefone e E-mail.<\/p>\n\n<p><strong>Durante quanto tempo guardamos os seus dados?<\/strong><\/p>\n\n<p>Os dados recolhidos atrav\u00e9s dos formul\u00e1rios no nosso website ser\u00e3o mantidos durante o tempo necess\u00e1rio para cumprir a finalidade para a qual foram recolhidos.<\/p>\n\n<p><strong>Fazemos o perfil dos seus dados?<\/strong><\/p>\n\n<p>N\u00e3o ser\u00e3o tomadas decis\u00f5es automatizadas e n\u00e3o ser\u00e1 feito o perfil.<\/p>\n\n<p><strong>O que legitima o tratamento dos seus dados?<\/strong><\/p>\n\n<p>A legitimidade para o tratamento dos seus dados \u00e9 o consentimento expresso dado atrav\u00e9s de um acto positivo e afirmativo (preenchendo o formul\u00e1rio correspondente e assinalando a caixa de aceita\u00e7\u00e3o desta pol\u00edtica) no momento de nos fornecer os seus dados pessoais. O utilizador deve preencher os campos solicitados para poder enviar os formul\u00e1rios preenchidos; se os campos indicados n\u00e3o forem preenchidos, o utilizador n\u00e3o os poder\u00e1 enviar.<\/p>\n\n<p>O tratamento dos dados enviados atrav\u00e9s do correio publicado no s\u00edtio web \u00e9 legitimado pelo interesse leg\u00edtimo da nossa empresa em responder \u00e0s comunica\u00e7\u00f5es recebidas.<\/p>\n\n<p><strong>A quem fornecemos os seus dados?<\/strong><\/p>\n\n<p>N\u00e3o est\u00e1 prevista qualquer transfer\u00eancia de dados, excepto para os autorizados pela legisla\u00e7\u00e3o fiscal, comercial e de telecomunica\u00e7\u00f5es, bem como nos casos em que somos obrigados a faz\u00ea-lo por uma autoridade judicial.<\/p>\n\n<p><strong>Que terceiros prestam servi\u00e7os neste s\u00edtio Web?<\/strong><\/p>\n\n<p>Os seguintes prestadores de servi\u00e7os s\u00e3o utilizados para o desenvolvimento deste website:<\/p>\n\n<p>Alojamento: Os servidores onde o nosso s\u00edtio web est\u00e1 alojado est\u00e3o localizados na UE. Utiliza protocolos seguros para que a comunica\u00e7\u00e3o de dados seja feita atrav\u00e9s de um canal encriptado.<\/p>\n\n<p><strong>Que direitos tem e como os pode exercer?<\/strong><\/p>\n\n<p>O utilizador tem o direito de aceder aos seus dados pessoais, de solicitar a rectifica\u00e7\u00e3o dos que est\u00e3o incorrectos, bem como a sua elimina\u00e7\u00e3o quando, entre outras raz\u00f5es, j\u00e1 n\u00e3o s\u00e3o necess\u00e1rios para os fins para os quais foram recolhidos. Em determinadas circunst\u00e2ncias, poder\u00e1 tamb\u00e9m solicitar a restri\u00e7\u00e3o do seu processamento, caso em que ser\u00e3o mantidos apenas para o exerc\u00edcio ou defesa de reclama\u00e7\u00f5es, bem como solicitar a portabilidade dos seus dados. Por raz\u00f5es relacionadas com a sua situa\u00e7\u00e3o particular, poder\u00e1 opor-se ao processamento dos seus dados e a GREEN SELECT FRAGANTIS S.L. deixar\u00e1 de os processar, excepto por raz\u00f5es imperiosas leg\u00edtimas, ou pelo exerc\u00edcio ou defesa de eventuais reclama\u00e7\u00f5es.<\/p>\n\n<p>O requerente pode revogar os consentimentos dados em qualquer altura. O candidato pode exercer os seus direitos enviando um e-mail para protecciondatos@grasseparfums.es ou nos escrit\u00f3rios localizados em Pol. Malpica, C\/D, Parc. 66, Local C, S\/N, 50016 Sarago\u00e7a, juntando uma fotoc\u00f3pia do seu bilhete de identidade e indicando o direito que est\u00e1 a exercer. Pode tamb\u00e9m apresentar uma queixa junto da Ag\u00eancia Espanhola de Protec\u00e7\u00e3o de Dados.<\/p>\n\n<p><strong>Que medidas de seguran\u00e7a temos em vigor?<\/strong><\/p>\n\n<p>Como parte do nosso compromisso de garantir a seguran\u00e7a e confidencialidade dos seus dados pessoais, informamos que adopt\u00e1mos as medidas t\u00e9cnicas e organizacionais necess\u00e1rias para garantir a seguran\u00e7a dos seus dados pessoais e impedir a sua altera\u00e7\u00e3o, perda, tratamento ou acesso n\u00e3o autorizado, tendo em conta o estado da tecnologia, a natureza dos dados armazenados e os riscos a que est\u00e3o expostos, em conformidade com o artigo 32\u00ba do RGPD EU 679\/2016.<\/p>\n\n<p><strong>Como funcionam as nossas redes sociais?<\/strong><\/p>\n\n<p>Atrav\u00e9s das nossas redes sociais pode partilhar o nosso conte\u00fado ou deixar-nos os seus coment\u00e1rios, fotos ou v\u00eddeos, desde que sejam de interesse para toda a comunidade.<\/p>\n\n<p>As nossas redes sociais s\u00e3o constantemente monitorizadas a fim de responder \u00e0s suas perguntas e coment\u00e1rios no mais curto espa\u00e7o de tempo poss\u00edvel.<\/p>\n\n<p>Queremos que seja um espa\u00e7o de que todos possamos desfrutar, por isso \u00e9 importante que todos respeitemos as regras de coexist\u00eancia:<\/p>\n\n<ol class=\"wp-block-list\"><li>\u00c9 respons\u00e1vel pelo conte\u00fado que publica, n\u00e3o violar quaisquer direitos, leis ou regulamentos.<\/li><li>Cuidar da redac\u00e7\u00e3o e do tom, evitar publicar qualquer informa\u00e7\u00e3o abusiva, difamat\u00f3ria ou obscena.<\/li><li><em>Respeitar o direito \u00e0 privacidade, n\u00e3o fazer coment\u00e1rios ilegais, ofensivos ou discriminat\u00f3rios sobre os outros.<\/em><\/li><li>Evitar coment\u00e1rios fraudulentos, enganosos ou enganosos.<\/li><li>N\u00e3o permitimos spam, mensagens comerciais ou publicit\u00e1rias, n\u00e3o queremos mensagens repetitivas.<\/li><li>N\u00e3o nos envolveremos em conversas com perfis que possamos considerar falsos.<\/li><\/ol>\n\n<p>Note-se que o conte\u00fado publicado pelos seguidores nas nossas p\u00e1ginas n\u00e3o reflecte necessariamente as opini\u00f5es da nossa empresa.<\/p>\n\n<p>Se os seus coment\u00e1rios n\u00e3o respeitarem as &#8220;Regras da Casa&#8221;, podem ser eliminados, ocultados ou bloqueados. Qualquer pessoa que publique conte\u00fado que n\u00e3o seja permitido ser\u00e1 bloqueada da comunidade.<\/p>\n\n<p>Reservamo-nos o direito de alterar estas regras em qualquer altura sem aviso pr\u00e9vio.<\/p>\n","protected":false},"excerpt":{"rendered":"<p>GREEN SELECT FRAGANTIS S.L. em conformidade com as disposi\u00e7\u00f5es do Regulamento Geral de Protec\u00e7\u00e3o de Dados (RGPD 2016\/679), informa os utilizadores do website https:\/\/greenbotanic.es\/: Quem \u00e9 respons\u00e1vel pelo tratamento dos seus dados? Os dados fornecidos pelo utilizador atrav\u00e9s dos formul\u00e1rios deste website ser\u00e3o inclu\u00eddos no processamento de dados pelos quais GREEN SELECT FRAGANTIS S.L. \u00e9 &#8230; <a title=\"Pol\u00edtica de Privacidade\" class=\"read-more\" href=\"https:\/\/greenbotanic.es\/pt-pt\/politica-de-privacidade\" aria-label=\"Leia mais sobre Pol\u00edtica de Privacidade\">Ler mais<\/a><\/p>\n","protected":false},"author":2,"featured_media":0,"parent":0,"menu_order":0,"comment_status":"closed","ping_status":"closed","template":"","meta":{"footnotes":""},"class_list":["post-2302","page","type-page","status-publish"],"_links":{"self":[{"href":"https:\/\/greenbotanic.es\/pt-pt\/wp-json\/wp\/v2\/pages\/2302","targetHints":{"allow":["GET"]}}],"collection":[{"href":"https:\/\/greenbotanic.es\/pt-pt\/wp-json\/wp\/v2\/pages"}],"about":[{"href":"https:\/\/greenbotanic.es\/pt-pt\/wp-json\/wp\/v2\/types\/page"}],"author":[{"embeddable":true,"href":"https:\/\/greenbotanic.es\/pt-pt\/wp-json\/wp\/v2\/users\/2"}],"replies":[{"embeddable":true,"href":"https:\/\/greenbotanic.es\/pt-pt\/wp-json\/wp\/v2\/comments?post=2302"}],"version-history":[{"count":3,"href":"https:\/\/greenbotanic.es\/pt-pt\/wp-json\/wp\/v2\/pages\/2302\/revisions"}],"predecessor-version":[{"id":2760,"href":"https:\/\/greenbotanic.es\/pt-pt\/wp-json\/wp\/v2\/pages\/2302\/revisions\/2760"}],"wp:attachment":[{"href":"https:\/\/greenbotanic.es\/pt-pt\/wp-json\/wp\/v2\/media?parent=2302"}],"curies":[{"name":"wp","href":"https:\/\/api.w.org\/{rel}","templated":true}]}}