{"id":2294,"date":"2021-10-19T15:57:54","date_gmt":"2021-10-19T13:57:54","guid":{"rendered":"https:\/\/greenbotanic.es\/politica-de-cookie"},"modified":"2021-11-12T09:30:11","modified_gmt":"2021-11-12T08:30:11","slug":"politica-de-cookie","status":"publish","type":"page","link":"https:\/\/greenbotanic.es\/pt-pt\/politica-de-cookie","title":{"rendered":"Pol\u00edtica de Cookie"},"content":{"rendered":"\n<p><strong>1. &#8211; ANTECEDENTES<\/strong><\/p>\n\n<p>Em conformidade com os regulamentos espanh\u00f3is que regem a utiliza\u00e7\u00e3o de cookies, informamo-lo sobre os cookies utilizados neste website.<\/p>\n\n<p><strong>2.- O QUE S\u00c3O COOKIES?<\/strong><\/p>\n\n<p>Um cookie \u00e9 um ficheiro que \u00e9 descarregado para o computador do utilizador ao aceder a determinadas p\u00e1ginas web. Os cookies permitem, entre outras coisas, armazenar e recuperar informa\u00e7\u00f5es sobre os h\u00e1bitos de navega\u00e7\u00e3o do utilizador, ou personalizar a forma como o conte\u00fado \u00e9 exibido.<\/p>\n\n<p><strong>3.- TIPOS DE COOKIES<\/strong><\/p>\n\n<p>Os cookies podem ser classificados da seguinte forma:<\/p>\n\n<p><strong>Cookies de acordo com a entidade que os gere:<\/strong><\/p>\n\n<p>1.- <strong>Cookies pr\u00f3prios<\/strong>: S\u00e3o aqueles que s\u00e3o enviados para o equipamento terminal do utilizador a partir de um computador ou dom\u00ednio gerido pelo pr\u00f3prio editor e a partir do qual \u00e9 prestado o servi\u00e7o solicitado pelo utilizador.<\/p>\n\n<p>2.- <strong>Cookies de terceiros<\/strong>: S\u00e3o cookies enviados para o equipamento terminal do utilizador a partir de um computador ou dom\u00ednio que n\u00e3o \u00e9 gerido pelo editor, mas por outra entidade que processa os dados obtidos atrav\u00e9s dos cookies.<\/p>\n\n<p><strong>Cookies de acordo com a finalidade:<\/strong><\/p>\n\n<p>1.- <strong>Cookies t\u00e9cnicos<\/strong>: s\u00e3o cookies que permitem ao utilizador navegar por um website, plataforma ou aplica\u00e7\u00e3o e utilizar as diferentes op\u00e7\u00f5es ou servi\u00e7os existentes no mesmo, incluindo os que o editor utiliza para permitir a gest\u00e3o e funcionamento do website e para permitir as suas fun\u00e7\u00f5es e servi\u00e7os.<\/p>\n\n<p>2.- <strong>Cookies de prefer\u00eancia ou de personaliza\u00e7\u00e3o<\/strong>: s\u00e3o cookies que permitem recordar informa\u00e7\u00f5es para que o utilizador possa aceder ao servi\u00e7o com determinadas caracter\u00edsticas que podem diferenciar a sua experi\u00eancia da de outros utilizadores.<\/p>\n\n<p>3.- <strong>Cookies de an\u00e1lise ou media\u00e7\u00e3o<\/strong>: Estes cookies permitem \u00e0 parte respons\u00e1vel por eles monitorizar e analisar o comportamento dos utilizadores dos s\u00edtios web aos quais est\u00e3o ligados.<\/p>\n\n<p>4.-<strong> Cookies de publicidade comportamental<\/strong>: Estes cookies permitem a gest\u00e3o, da forma mais eficaz poss\u00edvel, dos espa\u00e7os publicit\u00e1rios que, quando apropriado, a editora tenha inclu\u00eddo num website, aplica\u00e7\u00e3o ou plataforma a partir da qual o servi\u00e7o solicitado \u00e9 fornecido. Estes cookies armazenam informa\u00e7\u00f5es sobre o comportamento dos utilizadores obtidas atrav\u00e9s da observa\u00e7\u00e3o cont\u00ednua dos seus h\u00e1bitos de navega\u00e7\u00e3o, o que permite desenvolver um perfil espec\u00edfico a fim de exibir publicidade baseada no mesmo. Do mesmo modo, \u00e9 poss\u00edvel que quando visita uma p\u00e1gina web ou abre um e-mail onde \u00e9 publicado um an\u00fancio ou promo\u00e7\u00e3o sobre os nossos produtos ou servi\u00e7os, um cookie possa ser instalado no seu navegador que nos permite mostrar-lhe posteriormente publicidade relacionada com a pesquisa que fez, para monitorizar os nossos an\u00fancios em rela\u00e7\u00e3o, por exemplo, ao n\u00famero de vezes que s\u00e3o vistos, onde aparecem, a que horas s\u00e3o vistos, etc.<\/p>\n\n<p><strong>Cookies de acordo com o per\u00edodo de tempo em que permanecem activados:<\/strong><\/p>\n\n<p>1. &#8211; <strong>Cookies de sess\u00e3o<\/strong>: estes s\u00e3o concebidos para recolher e armazenar dados enquanto o utilizador acede a um website. S\u00e3o utilizados para armazenar informa\u00e7\u00f5es que s\u00f3 precisam de ser guardadas para a presta\u00e7\u00e3o do servi\u00e7o solicitado pelo utilizador numa \u00fanica ocasi\u00e3o e desaparecem no final da sess\u00e3o.<\/p>\n\n<p>2. &#8211; <strong>Cookies persistentes<\/strong>: s\u00e3o cookies em que os dados permanecem armazenados no terminal e podem ser acedidos e processados durante um per\u00edodo de tempo definido, que pode variar de alguns minutos a v\u00e1rios anos.<\/p>\n\n<p><strong>4.- TIPOS DE COOKIES UTILIZADOS POR ESTE WEBSITE<\/strong><\/p>\n\n<p>O nosso website utiliza os seguintes cookies:<\/p>\n\n<figure class=\"wp-block-table\"><table><tbody><tr><td><strong>Nome<\/strong><\/td><td><strong>Titularidade<\/strong><\/td><td><strong>Tipo<\/strong><\/td><td><strong>Caducidade<\/strong><\/td><td><strong>Finalidade<\/strong><\/td><\/tr><tr><td>CookieConsent<\/td><td>greenbotanic.es<\/td><td>Necess\u00e1rio<\/td><td>1 ano<\/td><td>Armazena o estado de consentimento do utilizador de cookies para o dom\u00ednio actual<\/td><\/tr><tr><td>Elementor<\/td><td>greenbotanic.es<\/td><td>Necess\u00e1rio<\/td><td>Persistente<\/td><td>\u00c9 utilizado em contexto com o tema WordPress do s\u00edtio web. O cookie permite que o propriet\u00e1rio do s\u00edtio Web utilize ou altere o conte\u00fado do s\u00edtio Web em tempo real.<\/td><\/tr><tr><td>JSESSIONID<\/td><td>greenbotanic.es <\/td><td>Necess\u00e1rio <\/td><td>Sess\u00e3o<\/td><td>Mant\u00e9m os estados dos utilizadores nos pedidos de p\u00e1gina<\/td><\/tr><tr><td>wc_cart_hash_#<\/td><td>greenbotanic.es <\/td><td>Necess\u00e1rio <\/td><td>Persistente<\/td><td>Desclassificado<\/td><\/tr><tr><td>wc_fragments_#<\/td><td>greenbotanic.es  <\/td><td>Necess\u00e1rio <\/td><td>Sess\u00e3o<\/td><td>Desclassificado<\/td><\/tr><tr><td>wordpress_test_cookie<\/td><td>greenbotanic.es   <\/td><td>Necess\u00e1rio<\/td><td>Sess\u00e3o<\/td><td>Utilizado para verificar se o navegador do utilizador suporta cookies<\/td><\/tr><tr><td>_ga<\/td><td>greenbotanic.es    <\/td><td>Estat\u00edsticas<\/td><td>2 anos<\/td><td>Regista uma identifica\u00e7\u00e3o \u00fanica que \u00e9 utilizada para gerar dados estat\u00edsticos sobre a forma como o visitante utiliza o s\u00edtio web<\/td><\/tr><tr><td>_<em>ga<\/em>#<\/td><td>greenbotanic.es     <\/td><td>Estat\u00edsticas<\/td><td>2 anos<\/td><td>Utilizado pelo Google Analytics para recolher dados sobre o n\u00famero de vezes que um utilizador visitou o website, assim como as datas da primeira e mais recente visita.<\/td><\/tr><tr><td>woosw_key<\/td><td>greenbotanic.es      <\/td><td>Desclassificado<\/td><td>6 dias<\/td><td>Desclassificado<\/td><\/tr><\/tbody><\/table><\/figure>\n\n<p><strong>5. &#8211; REVOGA\u00c7\u00c3O E ELIMINA\u00c7\u00c3O DE COOKIES<\/strong><\/p>\n\n<p>Ao aceder ao nosso s\u00edtio web pela primeira vez, pode aceitar ou rejeitar a utiliza\u00e7\u00e3o de todos os nossos cookies ou, se preferir, pode aceder \u00e0s defini\u00e7\u00f5es e aceitar cookies de acordo com o seu tipo, excepto para os cookies t\u00e9cnicos, que n\u00e3o requerem o consentimento do utilizador. Pode alterar as suas prefer\u00eancias em qualquer altura, acedendo ao nosso painel de configura\u00e7\u00e3o.<\/p>\n\n<p>Al\u00e9m disso, pode aceder \u00e0s defini\u00e7\u00f5es do seu navegador para restringir, bloquear ou eliminar cookies, seguindo um dos procedimentos abaixo, que depende do navegador que utiliza:<\/p>\n\n<p><strong>Google Chrome<\/strong><\/p>\n\n<p><a href=\"https:\/\/support.google.com\/chrome\/answer\/95647?hl=es\" target=\"_blank\" rel=\"noopener\">https:\/\/support.google.com\/chrome\/answer\/95647?hl=es<\/a><\/p>\n\n<p><strong>Microsoft Internet Explorer<\/strong><\/p>\n\n<p><a href=\"http:\/\/windows.microsoft.com\/es-es\/internet-explorer\/delete-manage-cookies#ie=ie-9\" target=\"_blank\" rel=\"noreferrer noopener\">http:\/\/windows.microsoft.com\/es-es\/internet-explorer\/delete-manage-cookies#ie=ie-9\u00a0<\/a><\/p>\n\n<p><strong>Firefox<\/strong>&#13;\n<a href=\"http:\/\/support.mozilla.org\/es\/kb\/habilitar-y-deshabilitar-cookies-que-los-sitios-we\" target=\"_blank\" rel=\"noreferrer noopener\">http:\/\/support.mozilla.org\/es\/kb\/habilitar-y-deshabilitar-cookies-que-los-sitios-we\u00a0<\/a><\/p>\n\n<p><strong>Safari , iPad e iPhone<\/strong>&#13;\n<a href=\"http:\/\/www.apple.com\/es\/privacy\/use-of-cookies\/\" target=\"_blank\" rel=\"noreferrer noopener\">http:\/\/www.apple.com\/es\/privacy\/use-of-cookies\/\u00a0<\/a><\/p>\n\n<p><strong>Opera<\/strong>&#13;\n<a href=\"http:\/\/help.opera.com\/Linux\/10.60\/es-ES\/cookies.html\" target=\"_blank\" rel=\"noreferrer noopener\">http:\/\/help.opera.com\/Linux\/10.60\/es-ES\/cookies.html\u00a0<\/a><\/p>\n\n<p><strong>6.- PRESTADORES DE SERVI\u00c7OS DE TERCEIROS<\/strong><\/p>\n\n<p>Especificamente, os terceiros prestadores de servi\u00e7os com os quais contrat\u00e1mos um servi\u00e7o para o qual \u00e9 necess\u00e1rio o uso de cookies s\u00e3o:<\/p>\n\n<figure class=\"wp-block-table\"><table><tbody><tr><td><strong>Fornecedor<\/strong><\/td><td><strong>Finalidade do Servi\u00e7o e do Cookie<\/strong><\/td><td><strong>Informa\u00e7\u00e3o de fornecedores<\/strong><\/td><\/tr><tr><td>\u00a0Google<\/td><td>\u00a0Para estat\u00edsticas do website<\/td><td><a href=\"https:\/\/policies.google.com\/technologies\/cookies?hl=es\" target=\"_blank\" rel=\"noopener\">https:\/\/policies.google.com\/technologies\/cookies?hl=es<\/a><\/td><\/tr><\/tbody><\/table><\/figure>\n","protected":false},"excerpt":{"rendered":"<p>1. &#8211; ANTECEDENTES Em conformidade com os regulamentos espanh\u00f3is que regem a utiliza\u00e7\u00e3o de cookies, informamo-lo sobre os cookies utilizados neste website. 2.- O QUE S\u00c3O COOKIES? Um cookie \u00e9 um ficheiro que \u00e9 descarregado para o computador do utilizador ao aceder a determinadas p\u00e1ginas web. Os cookies permitem, entre outras coisas, armazenar e recuperar &#8230; <a title=\"Pol\u00edtica de Cookie\" class=\"read-more\" href=\"https:\/\/greenbotanic.es\/pt-pt\/politica-de-cookie\" aria-label=\"Leia mais sobre Pol\u00edtica de Cookie\">Ler mais<\/a><\/p>\n","protected":false},"author":2,"featured_media":0,"parent":0,"menu_order":0,"comment_status":"closed","ping_status":"closed","template":"","meta":{"footnotes":""},"class_list":["post-2294","page","type-page","status-publish"],"_links":{"self":[{"href":"https:\/\/greenbotanic.es\/pt-pt\/wp-json\/wp\/v2\/pages\/2294","targetHints":{"allow":["GET"]}}],"collection":[{"href":"https:\/\/greenbotanic.es\/pt-pt\/wp-json\/wp\/v2\/pages"}],"about":[{"href":"https:\/\/greenbotanic.es\/pt-pt\/wp-json\/wp\/v2\/types\/page"}],"author":[{"embeddable":true,"href":"https:\/\/greenbotanic.es\/pt-pt\/wp-json\/wp\/v2\/users\/2"}],"replies":[{"embeddable":true,"href":"https:\/\/greenbotanic.es\/pt-pt\/wp-json\/wp\/v2\/comments?post=2294"}],"version-history":[{"count":4,"href":"https:\/\/greenbotanic.es\/pt-pt\/wp-json\/wp\/v2\/pages\/2294\/revisions"}],"predecessor-version":[{"id":2754,"href":"https:\/\/greenbotanic.es\/pt-pt\/wp-json\/wp\/v2\/pages\/2294\/revisions\/2754"}],"wp:attachment":[{"href":"https:\/\/greenbotanic.es\/pt-pt\/wp-json\/wp\/v2\/media?parent=2294"}],"curies":[{"name":"wp","href":"https:\/\/api.w.org\/{rel}","templated":true}]}}