{"id":2278,"date":"2021-10-19T13:46:07","date_gmt":"2021-10-19T11:46:07","guid":{"rendered":"https:\/\/greenbotanic.es\/avvertenza-legale"},"modified":"2021-10-20T14:06:31","modified_gmt":"2021-10-20T12:06:31","slug":"avvertenza-legale","status":"publish","type":"page","link":"https:\/\/greenbotanic.es\/it\/avvertenza-legale","title":{"rendered":"Avvertenza Legale"},"content":{"rendered":"\n<p>In conformit\u00e0 con l&#8217;art. 10 della Legge 34\/2002, dell&#8217;11 luglio, sui servizi della societ\u00e0 dell&#8217;informazione e del commercio elettronico (LSSI+CE), si informa:<\/p>\n\n<p>Il proprietario del sito https:\/\/greenbotanic.es\/ \u00e8:<\/p>\n\n<p>Nome dell&#8217;azienda: GREEN SELECT FRAGANTIS S.L.<\/p>\n\n<p>CIF: B99416752<\/p>\n\n<p>Indirizzo:\u00a0Pol. Malpica, C\/D, Parc. 66, Local C, S\/N, 50016 de Zaragoza<\/p>\n\n<p>Telefono: 976457070<\/p>\n\n<p>Email: protecciondatos@saphir.es<\/p>\n\n<p>Dati di registrazione: Volume: 4057, Libro: 0, Folio: 33, Sezione: 8, Foglio: Z 57056&#13;\nRegistrazione o annotazione: 1 \/ Data: 12\/08\/2014 Anno: 2014&#13;\n&#13;\nQuesto Avviso Legale \u00e8 scritto in italiano.<\/p>\n\n<p><p><strong>I tuoi dettagli<\/strong><\/p><\/p>\n\n<p>Le informazioni o i dati personali forniti dall&#8217;utente saranno trattati in conformit\u00e0 con le disposizioni delle politiche di protezione dei dati. Utilizzando questo sito web, l&#8217;utente acconsente al trattamento di tali informazioni e dati e dichiara che tutte le informazioni o dati forniti sono veritieri e corrispondono alla realt\u00e0.<\/p>\n\n<p><p><strong>Privacy\/Protezione dei dati personali<\/strong><\/p><\/p>\n\n<p>GREEN SELECT FRAGANTIS S.L. rispetta le linee guida del Regolamento Generale sulla Protezione dei Dati (Regolamento (UE) 2016\/679) e le altre normative vigenti in ogni momento, e garantisce il corretto utilizzo e trattamento dei dati personali dell&#8217;utente.<\/p>\n\n<p>A tal fine, insieme ad ogni modulo di raccolta dei dati personali, nei servizi che l&#8217;utente pu\u00f2 richiedere a Nombre de la empresa creadora del sitio web , l&#8217;utente sar\u00e0 informato dell&#8217;esistenza e dell&#8217;accettazione delle condizioni specifiche di trattamento dei suoi dati in ogni caso, informandolo della responsabilit\u00e0 del file creato, l&#8217;indirizzo del responsabile, la possibilit\u00e0 di esercitare i suoi diritti di accesso, rettifica, cancellazione o opposizione, la finalit\u00e0 del trattamento e la comunicazione dei dati a terzi, se applicabile.<\/p>\n\n<p>Allo stesso modo, GREEN SELECT FRAGANTIS S.L., creatore del sito web, informa che rispetta la Legge 34\/2002, dell&#8217;11 luglio, sui Servizi della Societ\u00e0 dell&#8217;Informazione e del Commercio Elettronico e richieder\u00e0 sempre il consenso dell&#8217;utente al trattamento della sua e-mail a fini commerciali.<\/p>\n\n<p><p><strong>Minori<\/strong><\/p><\/p>\n\n<p>I contenuti del sito web sono destinati a persone maggiorenni. GREEN SELECT FRAGANTIS S.L. non intende ottenere dati da minori. Quando GREEN SELECT FRAGANTIS S.L. viene a conoscenza dell&#8217;esistenza nel suo archivio di dati personali di un minore, proceder\u00e0 immediatamente alla loro cancellazione.<\/p>\n\n<p><p><strong>Obblighi dell&#8217;utente<\/strong><\/p><\/p>\n\n<p>L&#8217;utente deve sempre rispettare i termini e le condizioni stabilite dal sito web.<\/p>\n\n<p>L&#8217;utente deve utilizzare il sito web in modo diligente e si assume qualsiasi responsabilit\u00e0 che possa derivare da una violazione dei termini e delle condizioni del sito web.<\/p>\n\n<p>L&#8217;utente non pu\u00f2 utilizzare il sito web per trasmettere, memorizzare, diffondere, promuovere o distribuire dati o contenuti che contengano virus o qualsiasi altro codice informatico, file o programmi progettati per interrompere, distruggere o compromettere il funzionamento di qualsiasi programma o attrezzatura informatica o di telecomunicazione.<\/p>\n\n<p><p><strong>Propriet\u00e0 industriale e intellettuale<\/strong><\/p><\/p>\n\n<p>GREEN SELECT FRAGANTIS S.L. stessa o come cessionaria, possiede tutti i diritti di propriet\u00e0 intellettuale e industriale del suo sito web, cos\u00ec come gli elementi in esso contenuti (inclusi, ma non limitati a, immagini, suoni, audio, video, software o testi; marchi o loghi, combinazioni di colori, struttura e design, selezione dei materiali utilizzati, programmi informatici necessari al suo funzionamento, accesso e utilizzo, ecc.<\/p>\n\n<p>In virt\u00f9 delle disposizioni degli articoli 8 e 32.1, secondo comma, della Legge sulla Propriet\u00e0 Intellettuale, la riproduzione, distribuzione e comunicazione pubblica, compresa la messa a disposizione, di tutto o parte del contenuto di questo sito web, a fini commerciali, su qualsiasi supporto e con qualsiasi mezzo tecnico, sono espressamente vietati senza l&#8217;autorizzazione di GREEN SELECT FRAGANTIS S.L. Tutti i diritti riservati.<\/p>\n\n<p>L&#8217;UTENTE si impegna a rispettare i diritti di propriet\u00e0 intellettuale e industriale di GREEN SELECT FRAGANTIS S.L. L&#8217;UTENTE potr\u00e0 visualizzare gli elementi del portale e anche stamparli, copiarli e conservarli sul disco rigido del proprio computer o su qualsiasi altro supporto fisico a condizione che ci\u00f2 avvenga solo ed esclusivamente per uso personale e privato. L&#8217;UTENTE dovr\u00e0 astenersi dal cancellare, alterare, eludere o manipolare qualsiasi dispositivo di protezione o sistema di sicurezza installato nel sito web GREEN SELECT FRAGANTIS S.L.<\/p>\n\n<p><p><strong>Diritto d&#8217;esclusione<\/strong><\/p><\/p>\n\n<p>GREEN SELECT FRAGANTIS S.L. si riserva il diritto di negare o ritirare l&#8217;accesso al portale e\/o ai servizi offerti senza preavviso, su propria richiesta o su richiesta di terzi, a quegli utenti che non rispettano le Condizioni di utilizzo del portale.<\/p>\n\n<p>GREEN SELECT FRAGANTIS S.L. perseguir\u00e0 la violazione delle condizioni di utilizzo del portale, cos\u00ec come qualsiasi uso improprio del suo portale, esercitando tutte le azioni civili e penali che possono corrispondere ad esso dalla legge.<\/p>\n\n<p><p><strong>Modificazioni e link<\/strong><\/p><\/p>\n\n<p>GREEN SELECT FRAGANTIS S.L. si riserva il diritto di apportare senza preavviso le modifiche che ritiene opportune nel suo sito web, e pu\u00f2 cambiare, eliminare o aggiungere contenuti e servizi che fornisce e il modo in cui sono presentati o situati, cos\u00ec come nelle Condizioni Generali di Contratto qui determinate.<\/p>\n\n<p>GREEN SELECT FRAGANTIS S.L. non \u00e8 responsabile dell&#8217;uso improprio dei contenuti del suo sito web, essendo la responsabilit\u00e0 esclusiva della persona che vi accede o li utilizza.<\/p>\n\n<p>Nel caso in cui https:\/\/greenbotanic.es\/ contenga link o collegamenti ipertestuali ad altri siti Internet, GREEN SELECT FRAGANTIS S.L., creatore del sito, non esercita alcun tipo di controllo su tali siti e contenuti. In nessun caso GREEN SELECT FRAGANTIS S.L., creatore del sito web, si assume la responsabilit\u00e0 dei contenuti di qualsiasi link appartenente a un sito esterno, n\u00e9 garantisce la disponibilit\u00e0 tecnica, la qualit\u00e0, l&#8217;affidabilit\u00e0, l&#8217;accuratezza, la completezza, la veridicit\u00e0, la validit\u00e0 e la costituzionalit\u00e0 di qualsiasi materiale o informazione contenuta in uno di questi collegamenti ipertestuali o altri siti Internet. Allo stesso modo, l&#8217;inclusione di queste connessioni esterne non implica alcun tipo di associazione, fusione o partecipazione con le entit\u00e0 collegate.<\/p>\n\n<p><p><strong>Legge applicabile e giurisdizione competente<\/strong><\/p><\/p>\n\n<p>Le condizioni d&#8217;uso del sito web contenute nel presente Avviso Legale, cos\u00ec come il rapporto tra l&#8217;utente e GREEN SELECT FRAGANTIS S.L., saranno regolate e interpretate in conformit\u00e0 con la legge spagnola. Per la risoluzione di qualsiasi conflitto che possa sorgere, l&#8217;utente e GREEN SELECT FRAGANTIS S.L. si sottopongono espressamente alla giurisdizione delle corti e dei tribunali della citt\u00e0 di ZARAGOZA, rinunciando espressamente a qualsiasi altra giurisdizione che possa corrispondere a loro.<\/p>\n","protected":false},"excerpt":{"rendered":"<p>In conformit\u00e0 con l&#8217;art. 10 della Legge 34\/2002, dell&#8217;11 luglio, sui servizi della societ\u00e0 dell&#8217;informazione e del commercio elettronico (LSSI+CE), si informa: Il proprietario del sito https:\/\/greenbotanic.es\/ \u00e8: Nome dell&#8217;azienda: GREEN SELECT FRAGANTIS S.L. CIF: B99416752 Indirizzo:\u00a0Pol. Malpica, C\/D, Parc. 66, Local C, S\/N, 50016 de Zaragoza Telefono: 976457070 Email: protecciondatos@saphir.es Dati di registrazione: Volume: &#8230; <a title=\"Avvertenza Legale\" class=\"read-more\" href=\"https:\/\/greenbotanic.es\/it\/avvertenza-legale\" aria-label=\"Per saperne di pi\u00f9 su Avvertenza Legale\">Leggi tutto<\/a><\/p>\n","protected":false},"author":2,"featured_media":0,"parent":0,"menu_order":0,"comment_status":"closed","ping_status":"closed","template":"","meta":{"footnotes":""},"class_list":["post-2278","page","type-page","status-publish"],"_links":{"self":[{"href":"https:\/\/greenbotanic.es\/it\/wp-json\/wp\/v2\/pages\/2278","targetHints":{"allow":["GET"]}}],"collection":[{"href":"https:\/\/greenbotanic.es\/it\/wp-json\/wp\/v2\/pages"}],"about":[{"href":"https:\/\/greenbotanic.es\/it\/wp-json\/wp\/v2\/types\/page"}],"author":[{"embeddable":true,"href":"https:\/\/greenbotanic.es\/it\/wp-json\/wp\/v2\/users\/2"}],"replies":[{"embeddable":true,"href":"https:\/\/greenbotanic.es\/it\/wp-json\/wp\/v2\/comments?post=2278"}],"version-history":[{"count":5,"href":"https:\/\/greenbotanic.es\/it\/wp-json\/wp\/v2\/pages\/2278\/revisions"}],"predecessor-version":[{"id":2313,"href":"https:\/\/greenbotanic.es\/it\/wp-json\/wp\/v2\/pages\/2278\/revisions\/2313"}],"wp:attachment":[{"href":"https:\/\/greenbotanic.es\/it\/wp-json\/wp\/v2\/media?parent=2278"}],"curies":[{"name":"wp","href":"https:\/\/api.w.org\/{rel}","templated":true}]}}