{"id":1364,"date":"2021-06-13T19:58:48","date_gmt":"2021-06-13T17:58:48","guid":{"rendered":"https:\/\/greenbotanic.es\/product\/bergamote"},"modified":"2021-06-13T19:58:48","modified_gmt":"2021-06-13T17:58:48","slug":"bergamote","status":"publish","type":"product","link":"https:\/\/greenbotanic.es\/fr\/product\/bergamote","title":{"rendered":"BERGAMOTE"},"content":{"rendered":"<p>D\u00e9capsulez la bouteille et placez les b\u00e2tonnets \u00e0 l&rsquo;int\u00e9rieur de la bouteille. Les b\u00e2tonnets vont absorber et impr\u00e9gner votre maison pendant des heures et en permanence tout son ar\u00f4me. Vous pouvez r\u00e9gler l&rsquo;intensit\u00e9 du mikado en pla\u00e7ant plus ou moins de b\u00e2tons et\/ou vous pouvez \u00e9galement augmenter son intensit\u00e9 en tournant les b\u00e2tons de temps en temps.<\/p>\n<h2>Produits associ\u00e9s<\/h2>\n            <!-- Style 02 -->\r\n            <div class=\"atw_wrapper\">\r\n                <div class=\"atw_container-fluid\">\r\n                    <div class=\"atw_row\">\r\n                        <div class=\"col-md-12\">\r\n\r\n                                                    <script>\r\n                                (function ($) {\r\n                                    jQuery(document).ready(function () {\r\n                                        'use strict';\r\n                                        $(\".atw_slider_wrapper\").each(function (ind, elm) {\r\n                                            $(elm).css({\"display\": \"block\"});\r\n                                        });\r\n                                        \/\/ this object contains general option for owl carousel instances\r\n                                        var defaultOptions = {\r\n                                            loop:true,\r\n                                            rtl: false,\r\n                                            items: 4,\r\n                                            dots: false,\r\n                                            autoplay: true,\r\n                                            margin: 30,\r\n                                            autoplayHoverPause:true,\r\n                                            slideBy:1,\r\n                                            autoplaySpeed: 4000,\r\n                                            autoplayTimeout:2000,\r\n                                                                                        responsive: {\r\n                                                0: {\r\n                                                    items: 2                                                },\r\n                                                350: {\r\n                                                    items:2                                                },\r\n                                                480: {\r\n                                                    items:3                                                },\r\n                                                600: {\r\n                                                    items:2                                                },\r\n                                                768: {\r\n                                                    items:3                                                },\r\n                                                978: {\r\n                                                    items:4                                              },\r\n                                                1198: {\r\n                                                    items:4                                                }\r\n                                            }\r\n                                        };\r\n\r\n\r\n                                        \/*@param selector is a string name of the selctor that needs to be initialized,\r\n                                        * @param specificOptions object that contains options for specific instance of owlCarousel, pass null\r\n                                        * if no additional option necessary\r\n                                        * @param prevs and next are the control selector for the specific owlcarousel instance\r\n                                        *\/\r\n                                        function owlInit(selector, specificOptions, prev, next) {\r\n                                            var specificOptions = specificOptions || {},\r\n                                                $selector = $(selector);\r\n\r\n                                            $selector.owlCarousel(\r\n                                                $.extend({}, defaultOptions, specificOptions)\r\n                                            );\r\n\r\n                                            if ((prev != 'undefined' || prev != 'null') || (next != 'undefined' || next != 'null')) {\r\n                                                $(prev).on('click', function () {\r\n                                                    $selector.trigger('prev.owl.carousel');\r\n                                                });\r\n                                                $(next).on('click', function () {\r\n                                                    $selector.trigger('next.owl.carousel');\r\n                                                });\r\n                                            }\r\n                                        }\r\n\r\n                                        owlInit('.atw--slider1514854679', null, '.slider--control1514854679.icon-arrow-left', '.slider--control1514854679.icon-arrow-right');\r\n\r\n                                        $('[data-vc-tabs]').on('click', function (e) {\r\n                                            e.preventDefault();\r\n\r\n                                        });\r\n\r\n                                    });\r\n                                })(jQuery)\r\n\r\n                            <\/script>\r\n                            <style>\r\n    \/* style one *\/\r\n    #atw_style1 .atw_item .atw_overlay_content {\r\n        width: -webkit-calc( 100% - 42px);\r\n        width: calc( 100% - 42px);\r\n        left: 21px;\r\n        bottom: 0px;\r\n        background: #fff;\r\n        opacity: 0;\r\n    }\r\n\r\n    #atw_style1 .atw_item .atw_badge {\r\n        right: 10px;\r\n        top: 10px;\r\n    }\r\n\r\n    #atw_style1 .atw_item .atw_badge span {\r\n        background: #ff5500 !important;\r\n        -webkit-border-radius: 500px;\r\n        border-radius: 500px;\r\n        color: #fff !important;\r\n        display: inline-block;\r\n        line-height: 50px;\r\n        width: 50px;\r\n        font-size: 14px;\r\n        text-align: center;\r\n    }\r\n\r\n    #atw_style1 .atw_item .atw_product_actions {\r\n        display: -webkit-box;\r\n        display: -webkit-flex;\r\n        display: -ms-flexbox;\r\n        display: flex;\r\n        -webkit-justify-content: space-around;\r\n        -ms-flex-pack: distribute;\r\n        justify-content: space-around;\r\n        padding: 10px 0 7px 0;\r\n        -webkit-box-shadow: 0 5px 5px rgba(84, 77, 124, 0.1);\r\n        box-shadow: 0 5px 5px rgba(84, 77, 124, 0.1);\r\n    }\r\n\r\n    #atw_style1 .atw_item .atw_product_actions li a {\r\n        font-size: 18px;\r\n        color: #363940;\r\n        -webkit-transition: 0.3s;\r\n        -o-transition: 0.3s;\r\n        transition: 0.3s;\r\n    }\r\n\r\n    #atw_style1 .atw_item .atw_product_actions li a:hover {\r\n        color: #ff5500;\r\n    }\r\n\r\n    #atw_style1 .atw_item:hover .atw_item_top .atw_overlay_content {\r\n        opacity: 1;\r\n        bottom: 20px;\r\n    }\r\n\r\n    #atw_style1 .atw_item .atw_item_bottom {\r\n        padding-top: 20px;\r\n    }\r\n\r\n    #atw_style1 .atw_item .atw_item_bottom .atw_item_title {\r\n        font-weight: 400;\r\n    }\r\n\r\n    #atw_style1 .atw_item .atw_item_bottom .atw_item_title a {\r\n        color: #7ca389!important;\r\n        font-size: 16px!important;\r\n        line-height: 26px;\r\n        white-space: normal;\r\n        text-overflow: ellipsis;\r\n        overflow: hidden;\r\n        display: block;\r\n    }\r\n    #atw_style1 .atw_item .atw_item_bottom  h4 {\r\n        margin: 0 !important;\r\n        line-height: 0;\r\n    }\r\n\r\n    #atw_style1 .atw_item .atw_item_bottom .atw_item_title a:hover {\r\n        color: #ff5500!important;\r\n    }\r\n\r\n    #atw_style1 .atw_item .atw_item_bottom .atw_item_info {\r\n        display: -webkit-box;\r\n        display: -webkit-flex;\r\n        display: -ms-flexbox;\r\n        display: flex;\r\n        -webkit-box-pack: justify;\r\n        -webkit-justify-content: space-between;\r\n        -ms-flex-pack: justify;\r\n        justify-content: space-between;\r\n        -webkit-box-align: center;\r\n        -webkit-align-items: center;\r\n        -ms-flex-align: center;\r\n        align-items: center;\r\n        margin-top: 5px;\r\n    }\r\n\r\n    #atw_style1 .atw_item .atw_item_bottom .atw_item_info .atw_price,#atw_style1 .atw_item .atw_item_bottom .atw_item_info .atw_price .amount  {\r\n        color: #ff5500!important;\r\n        line-height: 48px;\r\n        font-size: 14px!important;\r\n        padding-left: 0;\r\n    }\r\n\r\n    #atw_style1 .atw_item .atw_item_bottom .atw_item_info .atw_price del {\r\n        color: #9192a3;\r\n        font-weight: 300;\r\n        font-size: 14px;\r\n    }\r\n\r\n    #atw_style1 .atw_item .atw_item_bottom .atw_item_info .atw_price .atw_discount_ratio {\r\n        border: 1px solid #ff5500;\r\n        font-size: 12px;\r\n        color: #ff5500;\r\n        line-height: 20px;\r\n        padding: 0 7px;\r\n        display: inline-block;\r\n        -webkit-border-radius: 2px;\r\n        border-radius: 2px;\r\n        margin-left: 4px;\r\n    }\r\n\r\n    #atw_style1 .slider_control {\r\n        position: absolute;\r\n        border: 1px solid #e4e4ed;\r\n        top: 38%!important;\r\n        -webkit-transform: translateY(-50%);\r\n        -ms-transform: translateY(-50%);\r\n        transform: translateY(-50%);\r\n    }\r\n\r\n    #atw_style1 .slider_control.icon-arrow-left {\r\n        left: -21px!important;\r\n    }\r\n    #atw_style1 .slider_control:hover {\r\n        border-color: #ff5500!important;\r\n        background: #ffffff!important;\r\n        color: #9192a3!important;\r\n    }\r\n\r\n    #atw_style1 .slider_control {\r\n        border-color: #e4e4ed!important;\r\n        background: #fff!important;\r\n        color: #9192a3!important;\r\n    }\r\n\r\n    #atw_style1 .slider_control.icon-arrow-right {\r\n        right: -21px!important;\r\n    }\r\n\r\n    #atw_style1 .add_to_cart_inline .amount {\r\n        display: none;\r\n    }\r\n    #atw_style1 .add_to_cart_inline {\r\n        border: none!important;\r\n        padding: 0!important;\r\n        margin : 0 !important;\r\n    }\r\n    #atw_style1 .atw_product_actions a {\r\n        background: none !important;\r\n    }\r\n    #atw_style1 .add_to_cart_inline:hover {\r\n        border: none!important;\r\n    }\r\n    #atw_style1 .added_to_cart {\r\n        display: none;\r\n    }\r\n    #atw_style1 .atw_item .atw_product_actions li .add_to_cart_button.added{\r\n        color: red;\r\n    }\r\n    \/*# sourceMappingURL=maps\/theme1.css.map *\/\r\n    #atw_style1 .atw_item .atw_product_actions {\r\n        flex-wrap: wrap;\r\n        margin-bottom: 0;\r\n    }\r\n    #atw_style1 .atw_item .atw_product_actions li {\r\n        margin-left: 0;\r\n    }\r\n    .woocommerce .woocommerce-product-rating .star-rating{\r\n        color: #FEB507;\r\n        margin: 0;\r\n    }\r\n    .atw_slider_wrapper {\r\n        position: relative;\r\n    }\r\n    #atw_style1 .atw_title  h3{\r\n        text-align: center!important;\r\n        color: #303030 !important;\r\n        font-size: 24px !important;\r\n    }\r\n<\/style>\r\n<div id=\"atw_style1\">\r\n        <div class=\"atw_slider_wrapper\">\r\n        <div class=\"atw_slider atw--slider1514854679\">\r\n                        <div class=\"atw_single_slide\">\r\n                <div class=\"atw_item atw--single_item\">\r\n                    <div class=\"atw_item_top\">\r\n                        <a href=\"https:\/\/greenbotanic.es\/fr\/product\/bergamote\"><img decoding=\"async\" src=\"https:\/\/greenbotanic.es\/wp-content\/uploads\/2021\/06\/0003_MIKADO_GB.psd_0003_MIKADO_GB_BERGAMOTA-1-300x300.jpg\" class=\"wpcsp-thumb\"  alt=\"BERGAMOTE\" \/><\/a>\r\n                                                <section style=\"display: none\">\r\n                            <div class=\"lightbox\" style=\"display: flex;\" id=\"f1364\">\r\n                                <div class=\"atw_image_l\" style=\"margin-right: 30px;\"><img decoding=\"async\" src=\"https:\/\/greenbotanic.es\/wp-content\/uploads\/2021\/06\/0003_MIKADO_GB.psd_0003_MIKADO_GB_BERGAMOTA-1-300x300.jpg\" class=\"wpcsp-thumb\"  alt=\"BERGAMOTE\" \/><\/div>\r\n                                <div class=\"atw_product_desc\">\r\n                                    <h1 style=\"font-size: 40px; margin-bottom: 30px\">BERGAMOTE<\/h1>\r\n                                    <span class=\"atw_product_price\" style=\"display: block; margin-bottom: 30px; color: red; font-size: 20px;\"><\/span>\r\n                                    <p>Enveloppez-vous dans la nature de la bergamote et appr\u00e9ciez son essence l\u00e9g\u00e8re et stimulante. Avec le d\u00e9sodorisant Bergamote, lib\u00e9rez l'esprit pour obtenir la tranquillit\u00e9 et l'harmonie dont nous avons besoin dans notre maison.<\/p>\r\n                                    <p class=\"product woocommerce add_to_cart_inline \" style=\"border:4px solid #ccc; padding: 12px;\"><a href=\"https:\/\/greenbotanic.es\/fr\/product\/bergamote\" aria-describedby=\"woocommerce_loop_add_to_cart_link_describedby_1364\" data-quantity=\"1\" class=\"button product_type_simple\" data-product_id=\"1364\" data-product_sku=\"\" aria-label=\"En savoir plus sur &ldquo;BERGAMOTE&rdquo;\" rel=\"nofollow\" data-success_message=\"\">Lire la suite<\/a>\t<span id=\"woocommerce_loop_add_to_cart_link_describedby_1364\" class=\"screen-reader-text\">\n\t\t\t<\/span>\n<\/p>                                <\/div>\r\n                            <\/div>\r\n                        <\/section>\r\n                        <div class=\"atw_floated_badge badge--right\"><\/div><div class=\"atw_floated_badge badge--left\"><\/div><div class=\"atw_floated_badge badge--right\"><\/div>\r\n                    <\/div>\r\n\r\n                    <div class=\"atw_item_bottom\">\r\n                                                    <h4 class=\"atw_item_title\">\r\n                                <a href=\"https:\/\/greenbotanic.es\/fr\/product\/bergamote\">BERGAMOTE<\/a>\r\n                            <\/h4>\r\n                        \r\n                        <div class=\"atw_item_info\">\r\n                                                    <\/div>\r\n                    <\/div>\r\n                <\/div>\r\n                <!-- end .atw_single_slide -->\r\n            <\/div>\r\n            <!-- Ends: .atw_single_slide -->\r\n                        <div class=\"atw_single_slide\">\r\n                <div class=\"atw_item atw--single_item\">\r\n                    <div class=\"atw_item_top\">\r\n                        <a href=\"https:\/\/greenbotanic.es\/fr\/product\/fruits-rouges\"><img decoding=\"async\" src=\"https:\/\/greenbotanic.es\/wp-content\/uploads\/2021\/06\/0004_MIKADO_GB.psd_0002_MIKADO_GB_FRUTOSROJOS-300x300.jpg\" class=\"wpcsp-thumb\"  alt=\"FRUITS ROUGES\" \/><\/a>\r\n                                                <section style=\"display: none\">\r\n                            <div class=\"lightbox\" style=\"display: flex;\" id=\"f1365\">\r\n                                <div class=\"atw_image_l\" style=\"margin-right: 30px;\"><img decoding=\"async\" src=\"https:\/\/greenbotanic.es\/wp-content\/uploads\/2021\/06\/0004_MIKADO_GB.psd_0002_MIKADO_GB_FRUTOSROJOS-300x300.jpg\" class=\"wpcsp-thumb\"  alt=\"FRUITS ROUGES\" \/><\/div>\r\n                                <div class=\"atw_product_desc\">\r\n                                    <h1 style=\"font-size: 40px; margin-bottom: 30px\">FRUITS ROUGES<\/h1>\r\n                                    <span class=\"atw_product_price\" style=\"display: block; margin-bottom: 30px; color: red; font-size: 20px;\"><\/span>\r\n                                    <p>Avec le d\u00e9sodorisant Fruits Rouges, nous obtenons des effets positifs sur notre bien-\u00eatre \u00e9motionnel. Avec un ar\u00f4me doux et fruit\u00e9, il \u00e9voque la tranquillit\u00e9 et la relaxation. Donnez \u00e0 votre maison l'\u00e9nergie dont elle a besoin avec notre d\u00e9sodorisant Green Botanic Red Berry.<\/p>\r\n                                    <p class=\"product woocommerce add_to_cart_inline \" style=\"border:4px solid #ccc; padding: 12px;\"><a href=\"https:\/\/greenbotanic.es\/fr\/product\/fruits-rouges\" aria-describedby=\"woocommerce_loop_add_to_cart_link_describedby_1365\" data-quantity=\"1\" class=\"button product_type_simple\" data-product_id=\"1365\" data-product_sku=\"\" aria-label=\"En savoir plus sur &ldquo;FRUITS ROUGES&rdquo;\" rel=\"nofollow\" data-success_message=\"\">Lire la suite<\/a>\t<span id=\"woocommerce_loop_add_to_cart_link_describedby_1365\" class=\"screen-reader-text\">\n\t\t\t<\/span>\n<\/p>                                <\/div>\r\n                            <\/div>\r\n                        <\/section>\r\n                        <div class=\"atw_floated_badge badge--right\"><\/div><div class=\"atw_floated_badge badge--left\"><\/div><div class=\"atw_floated_badge badge--right\"><\/div>\r\n                    <\/div>\r\n\r\n                    <div class=\"atw_item_bottom\">\r\n                                                    <h4 class=\"atw_item_title\">\r\n                                <a href=\"https:\/\/greenbotanic.es\/fr\/product\/fruits-rouges\">FRUITS ROUGES<\/a>\r\n                            <\/h4>\r\n                        \r\n                        <div class=\"atw_item_info\">\r\n                                                    <\/div>\r\n                    <\/div>\r\n                <\/div>\r\n                <!-- end .atw_single_slide -->\r\n            <\/div>\r\n            <!-- Ends: .atw_single_slide -->\r\n                        <div class=\"atw_single_slide\">\r\n                <div class=\"atw_item atw--single_item\">\r\n                    <div class=\"atw_item_top\">\r\n                        <a href=\"https:\/\/greenbotanic.es\/fr\/product\/lavande\"><img decoding=\"async\" src=\"https:\/\/greenbotanic.es\/wp-content\/uploads\/2021\/06\/0000_MIKADO_GB.psd_0001_MIKADO_GB_LAVANDA-300x300.jpg\" class=\"wpcsp-thumb\"  alt=\"LAVANDE\" \/><\/a>\r\n                                                <section style=\"display: none\">\r\n                            <div class=\"lightbox\" style=\"display: flex;\" id=\"f1366\">\r\n                                <div class=\"atw_image_l\" style=\"margin-right: 30px;\"><img decoding=\"async\" src=\"https:\/\/greenbotanic.es\/wp-content\/uploads\/2021\/06\/0000_MIKADO_GB.psd_0001_MIKADO_GB_LAVANDA-300x300.jpg\" class=\"wpcsp-thumb\"  alt=\"LAVANDE\" \/><\/div>\r\n                                <div class=\"atw_product_desc\">\r\n                                    <h1 style=\"font-size: 40px; margin-bottom: 30px\">LAVANDE<\/h1>\r\n                                    <span class=\"atw_product_price\" style=\"display: block; margin-bottom: 30px; color: red; font-size: 20px;\"><\/span>\r\n                                    <p>Gr\u00e2ce \u00e0 l'essence extraite de ses propres fleurs, nous obtenons un d\u00e9sodorisant qui transmet une odeur douce et propre. Gr\u00e2ce \u00e0 ses propri\u00e9t\u00e9s, nous obtenons un effet calmant qui aide \u00e0 combattre les \u00e9tats d'anxi\u00e9t\u00e9 et de stress. Le d\u00e9sodorisant Green Botanic \u00e0 la lavande est un must dans votre maison.<\/p>\r\n                                    <p class=\"product woocommerce add_to_cart_inline \" style=\"border:4px solid #ccc; padding: 12px;\"><a href=\"https:\/\/greenbotanic.es\/fr\/product\/lavande\" aria-describedby=\"woocommerce_loop_add_to_cart_link_describedby_1366\" data-quantity=\"1\" class=\"button product_type_simple\" data-product_id=\"1366\" data-product_sku=\"\" aria-label=\"En savoir plus sur &ldquo;LAVANDE&rdquo;\" rel=\"nofollow\" data-success_message=\"\">Lire la suite<\/a>\t<span id=\"woocommerce_loop_add_to_cart_link_describedby_1366\" class=\"screen-reader-text\">\n\t\t\t<\/span>\n<\/p>                                <\/div>\r\n                            <\/div>\r\n                        <\/section>\r\n                        <div class=\"atw_floated_badge badge--right\"><\/div><div class=\"atw_floated_badge badge--left\"><\/div><div class=\"atw_floated_badge badge--right\"><\/div>\r\n                    <\/div>\r\n\r\n                    <div class=\"atw_item_bottom\">\r\n                                                    <h4 class=\"atw_item_title\">\r\n                                <a href=\"https:\/\/greenbotanic.es\/fr\/product\/lavande\">LAVANDE<\/a>\r\n                            <\/h4>\r\n                        \r\n                        <div class=\"atw_item_info\">\r\n                                                    <\/div>\r\n                    <\/div>\r\n                <\/div>\r\n                <!-- end .atw_single_slide -->\r\n            <\/div>\r\n            <!-- Ends: .atw_single_slide -->\r\n                        <div class=\"atw_single_slide\">\r\n                <div class=\"atw_item atw--single_item\">\r\n                    <div class=\"atw_item_top\">\r\n                        <a href=\"https:\/\/greenbotanic.es\/fr\/product\/verveine\"><img decoding=\"async\" src=\"https:\/\/greenbotanic.es\/wp-content\/uploads\/2021\/06\/0001_MIKADO_GB_VERBENA-300x300.jpg\" class=\"wpcsp-thumb\"  alt=\"VERVEINE\" \/><\/a>\r\n                                                <section style=\"display: none\">\r\n                            <div class=\"lightbox\" style=\"display: flex;\" id=\"f1367\">\r\n                                <div class=\"atw_image_l\" style=\"margin-right: 30px;\"><img decoding=\"async\" src=\"https:\/\/greenbotanic.es\/wp-content\/uploads\/2021\/06\/0001_MIKADO_GB_VERBENA-300x300.jpg\" class=\"wpcsp-thumb\"  alt=\"VERVEINE\" \/><\/div>\r\n                                <div class=\"atw_product_desc\">\r\n                                    <h1 style=\"font-size: 40px; margin-bottom: 30px\">VERVEINE<\/h1>\r\n                                    <span class=\"atw_product_price\" style=\"display: block; margin-bottom: 30px; color: red; font-size: 20px;\"><\/span>\r\n                                    <p>Profitez de notre d\u00e9sodorisant \u00e0 la verveine. Obtenez dans votre maison un environnement de paix et de bien-\u00eatre gr\u00e2ce \u00e0 ses multiples avantages. Ses effets relaxants et apaisants feront que chaque fois que vous entrerez dans votre maison, vous serez entour\u00e9 de son essence et d\u00e9connect\u00e9.<\/p>\r\n                                    <p class=\"product woocommerce add_to_cart_inline \" style=\"border:4px solid #ccc; padding: 12px;\"><a href=\"https:\/\/greenbotanic.es\/fr\/product\/verveine\" aria-describedby=\"woocommerce_loop_add_to_cart_link_describedby_1367\" data-quantity=\"1\" class=\"button product_type_simple\" data-product_id=\"1367\" data-product_sku=\"\" aria-label=\"En savoir plus sur &ldquo;VERVEINE&rdquo;\" rel=\"nofollow\" data-success_message=\"\">Lire la suite<\/a>\t<span id=\"woocommerce_loop_add_to_cart_link_describedby_1367\" class=\"screen-reader-text\">\n\t\t\t<\/span>\n<\/p>                                <\/div>\r\n                            <\/div>\r\n                        <\/section>\r\n                        <div class=\"atw_floated_badge badge--right\"><\/div><div class=\"atw_floated_badge badge--left\"><\/div><div class=\"atw_floated_badge badge--right\"><\/div>\r\n                    <\/div>\r\n\r\n                    <div class=\"atw_item_bottom\">\r\n                                                    <h4 class=\"atw_item_title\">\r\n                                <a href=\"https:\/\/greenbotanic.es\/fr\/product\/verveine\">VERVEINE<\/a>\r\n                            <\/h4>\r\n                        \r\n                        <div class=\"atw_item_info\">\r\n                                                    <\/div>\r\n                    <\/div>\r\n                <\/div>\r\n                <!-- end .atw_single_slide -->\r\n            <\/div>\r\n            <!-- Ends: .atw_single_slide -->\r\n            \r\n        <\/div>\r\n\r\n                <span class=\"slider_control slider_control_round slider--control1514854679 icon-arrow-left\"><\/span>\r\n        <span class=\"slider_control slider_control_round slider--control1514854679 icon-arrow-right\"><\/span>\r\n            <\/div>\r\n    <!-- Ends: .atw_slider_wrapper -->\r\n<\/div>\r\n<!-- end #atw_style1 -->\r\n                            <\/div>\r\n                            <!-- Ends: .col-md-12 -->\r\n                        <\/div>\r\n                    <\/div>\r\n                <\/div>\r\n\r\n\r\n                \n","protected":false},"excerpt":{"rendered":"<p>Enveloppez-vous dans la nature de la bergamote et appr\u00e9ciez son essence l\u00e9g\u00e8re et stimulante. Avec le d\u00e9sodorisant Bergamote, lib\u00e9rez l&rsquo;esprit pour obtenir la tranquillit\u00e9 et l&rsquo;harmonie dont nous avons besoin dans notre maison.<\/p>\n","protected":false},"featured_media":3036,"comment_status":"open","ping_status":"closed","template":"","meta":[],"product_brand":[],"product_cat":[69],"product_tag":[],"class_list":{"0":"post-1364","1":"product","2":"type-product","3":"status-publish","4":"has-post-thumbnail","6":"product_cat-mikados-fr","7":"","8":"woocommerce-text-align-center","9":"woocommerce-image-align-center","11":"first","12":"instock","13":"shipping-taxable","14":"product-type-simple"},"_links":{"self":[{"href":"https:\/\/greenbotanic.es\/fr\/wp-json\/wp\/v2\/product\/1364","targetHints":{"allow":["GET"]}}],"collection":[{"href":"https:\/\/greenbotanic.es\/fr\/wp-json\/wp\/v2\/product"}],"about":[{"href":"https:\/\/greenbotanic.es\/fr\/wp-json\/wp\/v2\/types\/product"}],"replies":[{"embeddable":true,"href":"https:\/\/greenbotanic.es\/fr\/wp-json\/wp\/v2\/comments?post=1364"}],"wp:featuredmedia":[{"embeddable":true,"href":"https:\/\/greenbotanic.es\/fr\/wp-json\/wp\/v2\/media\/3036"}],"wp:attachment":[{"href":"https:\/\/greenbotanic.es\/fr\/wp-json\/wp\/v2\/media?parent=1364"}],"wp:term":[{"taxonomy":"product_brand","embeddable":true,"href":"https:\/\/greenbotanic.es\/fr\/wp-json\/wp\/v2\/product_brand?post=1364"},{"taxonomy":"product_cat","embeddable":true,"href":"https:\/\/greenbotanic.es\/fr\/wp-json\/wp\/v2\/product_cat?post=1364"},{"taxonomy":"product_tag","embeddable":true,"href":"https:\/\/greenbotanic.es\/fr\/wp-json\/wp\/v2\/product_tag?post=1364"}],"curies":[{"name":"wp","href":"https:\/\/api.w.org\/{rel}","templated":true}]}}