{"id":1362,"date":"2021-06-13T20:43:43","date_gmt":"2021-06-13T18:43:43","guid":{"rendered":"https:\/\/greenbotanic.es\/product\/deo-roll-on"},"modified":"2021-06-13T20:43:43","modified_gmt":"2021-06-13T18:43:43","slug":"deo-roll-on","status":"publish","type":"product","link":"https:\/\/greenbotanic.es\/fr\/product\/deo-roll-on","title":{"rendered":"DEO ROLL ON"},"content":{"rendered":"<p><strong>Mode d&#8217;emploi:<\/strong><\/p>\n<p>Appliquer quotidiennement sur la zone des aisselles.<\/p>\n<p><strong>Precautions:<\/strong><\/p>\n<p>Ne pas utiliser sur une peau irrit\u00e9e.<\/p>\n<h2>Produits associ\u00e9s<\/h2>\n            <!-- Style 02 -->\r\n            <div class=\"atw_wrapper\">\r\n                <div class=\"atw_container-fluid\">\r\n                    <div class=\"atw_row\">\r\n                        <div class=\"col-md-12\">\r\n\r\n                                                    <script>\r\n                                (function ($) {\r\n                                    jQuery(document).ready(function () {\r\n                                        'use strict';\r\n                                        $(\".atw_slider_wrapper\").each(function (ind, elm) {\r\n                                            $(elm).css({\"display\": \"block\"});\r\n                                        });\r\n                                        \/\/ this object contains general option for owl carousel instances\r\n                                        var defaultOptions = {\r\n                                            loop:true,\r\n                                            rtl: false,\r\n                                            items: 4,\r\n                                            dots: false,\r\n                                            autoplay: true,\r\n                                            margin: 30,\r\n                                            autoplayHoverPause:true,\r\n                                            slideBy:1,\r\n                                            autoplaySpeed: 4000,\r\n                                            autoplayTimeout:2000,\r\n                                                                                        responsive: {\r\n                                                0: {\r\n                                                    items: 2                                                },\r\n                                                350: {\r\n                                                    items:2                                                },\r\n                                                480: {\r\n                                                    items:3                                                },\r\n                                                600: {\r\n                                                    items:2                                                },\r\n                                                768: {\r\n                                                    items:3                                                },\r\n                                                978: {\r\n                                                    items:4                                              },\r\n                                                1198: {\r\n                                                    items:4                                                }\r\n                                            }\r\n                                        };\r\n\r\n\r\n                                        \/*@param selector is a string name of the selctor that needs to be initialized,\r\n                                        * @param specificOptions object that contains options for specific instance of owlCarousel, pass null\r\n                                        * if no additional option necessary\r\n                                        * @param prevs and next are the control selector for the specific owlcarousel instance\r\n                                        *\/\r\n                                        function owlInit(selector, specificOptions, prev, next) {\r\n                                            var specificOptions = specificOptions || {},\r\n                                                $selector = $(selector);\r\n\r\n                                            $selector.owlCarousel(\r\n                                                $.extend({}, defaultOptions, specificOptions)\r\n                                            );\r\n\r\n                                            if ((prev != 'undefined' || prev != 'null') || (next != 'undefined' || next != 'null')) {\r\n                                                $(prev).on('click', function () {\r\n                                                    $selector.trigger('prev.owl.carousel');\r\n                                                });\r\n                                                $(next).on('click', function () {\r\n                                                    $selector.trigger('next.owl.carousel');\r\n                                                });\r\n                                            }\r\n                                        }\r\n\r\n                                        owlInit('.atw--slider1747741047', null, '.slider--control1747741047.icon-arrow-left', '.slider--control1747741047.icon-arrow-right');\r\n\r\n                                        $('[data-vc-tabs]').on('click', function (e) {\r\n                                            e.preventDefault();\r\n\r\n                                        });\r\n\r\n                                    });\r\n                                })(jQuery)\r\n\r\n                            <\/script>\r\n                            <style>\r\n    \/* style one *\/\r\n    #atw_style1 .atw_item .atw_overlay_content {\r\n        width: -webkit-calc( 100% - 42px);\r\n        width: calc( 100% - 42px);\r\n        left: 21px;\r\n        bottom: 0px;\r\n        background: #fff;\r\n        opacity: 0;\r\n    }\r\n\r\n    #atw_style1 .atw_item .atw_badge {\r\n        right: 10px;\r\n        top: 10px;\r\n    }\r\n\r\n    #atw_style1 .atw_item .atw_badge span {\r\n        background: #ff5500 !important;\r\n        -webkit-border-radius: 500px;\r\n        border-radius: 500px;\r\n        color: #fff !important;\r\n        display: inline-block;\r\n        line-height: 50px;\r\n        width: 50px;\r\n        font-size: 14px;\r\n        text-align: center;\r\n    }\r\n\r\n    #atw_style1 .atw_item .atw_product_actions {\r\n        display: -webkit-box;\r\n        display: -webkit-flex;\r\n        display: -ms-flexbox;\r\n        display: flex;\r\n        -webkit-justify-content: space-around;\r\n        -ms-flex-pack: distribute;\r\n        justify-content: space-around;\r\n        padding: 10px 0 7px 0;\r\n        -webkit-box-shadow: 0 5px 5px rgba(84, 77, 124, 0.1);\r\n        box-shadow: 0 5px 5px rgba(84, 77, 124, 0.1);\r\n    }\r\n\r\n    #atw_style1 .atw_item .atw_product_actions li a {\r\n        font-size: 18px;\r\n        color: #363940;\r\n        -webkit-transition: 0.3s;\r\n        -o-transition: 0.3s;\r\n        transition: 0.3s;\r\n    }\r\n\r\n    #atw_style1 .atw_item .atw_product_actions li a:hover {\r\n        color: #ff5500;\r\n    }\r\n\r\n    #atw_style1 .atw_item:hover .atw_item_top .atw_overlay_content {\r\n        opacity: 1;\r\n        bottom: 20px;\r\n    }\r\n\r\n    #atw_style1 .atw_item .atw_item_bottom {\r\n        padding-top: 20px;\r\n    }\r\n\r\n    #atw_style1 .atw_item .atw_item_bottom .atw_item_title {\r\n        font-weight: 400;\r\n    }\r\n\r\n    #atw_style1 .atw_item .atw_item_bottom .atw_item_title a {\r\n        color: #7ca389!important;\r\n        font-size: 16px!important;\r\n        line-height: 26px;\r\n        white-space: normal;\r\n        text-overflow: ellipsis;\r\n        overflow: hidden;\r\n        display: block;\r\n    }\r\n    #atw_style1 .atw_item .atw_item_bottom  h4 {\r\n        margin: 0 !important;\r\n        line-height: 0;\r\n    }\r\n\r\n    #atw_style1 .atw_item .atw_item_bottom .atw_item_title a:hover {\r\n        color: #ff5500!important;\r\n    }\r\n\r\n    #atw_style1 .atw_item .atw_item_bottom .atw_item_info {\r\n        display: -webkit-box;\r\n        display: -webkit-flex;\r\n        display: -ms-flexbox;\r\n        display: flex;\r\n        -webkit-box-pack: justify;\r\n        -webkit-justify-content: space-between;\r\n        -ms-flex-pack: justify;\r\n        justify-content: space-between;\r\n        -webkit-box-align: center;\r\n        -webkit-align-items: center;\r\n        -ms-flex-align: center;\r\n        align-items: center;\r\n        margin-top: 5px;\r\n    }\r\n\r\n    #atw_style1 .atw_item .atw_item_bottom .atw_item_info .atw_price,#atw_style1 .atw_item .atw_item_bottom .atw_item_info .atw_price .amount  {\r\n        color: #ff5500!important;\r\n        line-height: 48px;\r\n        font-size: 14px!important;\r\n        padding-left: 0;\r\n    }\r\n\r\n    #atw_style1 .atw_item .atw_item_bottom .atw_item_info .atw_price del {\r\n        color: #9192a3;\r\n        font-weight: 300;\r\n        font-size: 14px;\r\n    }\r\n\r\n    #atw_style1 .atw_item .atw_item_bottom .atw_item_info .atw_price .atw_discount_ratio {\r\n        border: 1px solid #ff5500;\r\n        font-size: 12px;\r\n        color: #ff5500;\r\n        line-height: 20px;\r\n        padding: 0 7px;\r\n        display: inline-block;\r\n        -webkit-border-radius: 2px;\r\n        border-radius: 2px;\r\n        margin-left: 4px;\r\n    }\r\n\r\n    #atw_style1 .slider_control {\r\n        position: absolute;\r\n        border: 1px solid #e4e4ed;\r\n        top: 38%!important;\r\n        -webkit-transform: translateY(-50%);\r\n        -ms-transform: translateY(-50%);\r\n        transform: translateY(-50%);\r\n    }\r\n\r\n    #atw_style1 .slider_control.icon-arrow-left {\r\n        left: -21px!important;\r\n    }\r\n    #atw_style1 .slider_control:hover {\r\n        border-color: #ff5500!important;\r\n        background: #ffffff!important;\r\n        color: #9192a3!important;\r\n    }\r\n\r\n    #atw_style1 .slider_control {\r\n        border-color: #e4e4ed!important;\r\n        background: #fff!important;\r\n        color: #9192a3!important;\r\n    }\r\n\r\n    #atw_style1 .slider_control.icon-arrow-right {\r\n        right: -21px!important;\r\n    }\r\n\r\n    #atw_style1 .add_to_cart_inline .amount {\r\n        display: none;\r\n    }\r\n    #atw_style1 .add_to_cart_inline {\r\n        border: none!important;\r\n        padding: 0!important;\r\n        margin : 0 !important;\r\n    }\r\n    #atw_style1 .atw_product_actions a {\r\n        background: none !important;\r\n    }\r\n    #atw_style1 .add_to_cart_inline:hover {\r\n        border: none!important;\r\n    }\r\n    #atw_style1 .added_to_cart {\r\n        display: none;\r\n    }\r\n    #atw_style1 .atw_item .atw_product_actions li .add_to_cart_button.added{\r\n        color: red;\r\n    }\r\n    \/*# sourceMappingURL=maps\/theme1.css.map *\/\r\n    #atw_style1 .atw_item .atw_product_actions {\r\n        flex-wrap: wrap;\r\n        margin-bottom: 0;\r\n    }\r\n    #atw_style1 .atw_item .atw_product_actions li {\r\n        margin-left: 0;\r\n    }\r\n    .woocommerce .woocommerce-product-rating .star-rating{\r\n        color: #FEB507;\r\n        margin: 0;\r\n    }\r\n    .atw_slider_wrapper {\r\n        position: relative;\r\n    }\r\n    #atw_style1 .atw_title  h3{\r\n        text-align: center!important;\r\n        color: #303030 !important;\r\n        font-size: 24px !important;\r\n    }\r\n<\/style>\r\n<div id=\"atw_style1\">\r\n        <div class=\"atw_slider_wrapper\">\r\n        <div class=\"atw_slider atw--slider1747741047\">\r\n                        <div class=\"atw_single_slide\">\r\n                <div class=\"atw_item atw--single_item\">\r\n                    <div class=\"atw_item_top\">\r\n                        <a href=\"https:\/\/greenbotanic.es\/fr\/product\/emulsion\"><img decoding=\"async\" src=\"https:\/\/greenbotanic.es\/wp-content\/uploads\/2021\/06\/emulsion-green-botanic-1-300x300.jpg\" class=\"wpcsp-thumb\"  alt=\"\u00c9MULSION\" \/><\/a>\r\n                                                <section style=\"display: none\">\r\n                            <div class=\"lightbox\" style=\"display: flex;\" id=\"f1356\">\r\n                                <div class=\"atw_image_l\" style=\"margin-right: 30px;\"><img decoding=\"async\" src=\"https:\/\/greenbotanic.es\/wp-content\/uploads\/2021\/06\/emulsion-green-botanic-1-300x300.jpg\" class=\"wpcsp-thumb\"  alt=\"\u00c9MULSION\" \/><\/div>\r\n                                <div class=\"atw_product_desc\">\r\n                                    <h1 style=\"font-size: 40px; margin-bottom: 30px\">\u00c9MULSION<\/h1>\r\n                                    <span class=\"atw_product_price\" style=\"display: block; margin-bottom: 30px; color: red; font-size: 20px;\"><span class=\"woocommerce-Price-amount amount\"><bdi>0.00<span class=\"woocommerce-Price-currencySymbol\">&euro;<\/span><\/bdi><\/span><\/span>\r\n                                    <p>Lait corporel hydratant qui soigne et adoucit la peau, usage quotidien pour les peaux s\u00e8ches. Ar\u00f4me de verveine. Avec de L'HUILE D'OLIVE, DU BEURRE DE KARIT\u00c9, DES EXTRAITS D'ALOE VERA ET DE GINKGO BILOBA.<\/p>\r\n                                    <p class=\"product woocommerce add_to_cart_inline \" style=\"border:4px solid #ccc; padding: 12px;\"><a href=\"https:\/\/greenbotanic.es\/fr\/product\/emulsion\" aria-describedby=\"woocommerce_loop_add_to_cart_link_describedby_1356\" data-quantity=\"1\" class=\"button product_type_variable add_to_cart_button\" data-product_id=\"1356\" data-product_sku=\"\" aria-label=\"S\u00e9lectionner les options pour &ldquo;\u00c9MULSION&rdquo;\" rel=\"nofollow\">Choix des options<\/a>\t<span id=\"woocommerce_loop_add_to_cart_link_describedby_1356\" class=\"screen-reader-text\">\n\t\tCe produit a plusieurs variations. Les options peuvent \u00eatre choisies sur la page du produit\t<\/span>\n<\/p>                                <\/div>\r\n                            <\/div>\r\n                        <\/section>\r\n                        <div class=\"atw_floated_badge badge--right\"><\/div><div class=\"atw_floated_badge badge--left\"><\/div><div class=\"atw_floated_badge badge--right\"><\/div>\r\n                    <\/div>\r\n\r\n                    <div class=\"atw_item_bottom\">\r\n                                                    <h4 class=\"atw_item_title\">\r\n                                <a href=\"https:\/\/greenbotanic.es\/fr\/product\/emulsion\">\u00c9MULSION<\/a>\r\n                            <\/h4>\r\n                        \r\n                        <div class=\"atw_item_info\">\r\n                                                    <\/div>\r\n                    <\/div>\r\n                <\/div>\r\n                <!-- end .atw_single_slide -->\r\n            <\/div>\r\n            <!-- Ends: .atw_single_slide -->\r\n                        <div class=\"atw_single_slide\">\r\n                <div class=\"atw_item atw--single_item\">\r\n                    <div class=\"atw_item_top\">\r\n                        <a href=\"https:\/\/greenbotanic.es\/fr\/product\/gel-de-bain\"><img decoding=\"async\" src=\"https:\/\/greenbotanic.es\/wp-content\/uploads\/2021\/06\/gel-de-bano-green-botanic-1-300x300.jpg\" class=\"wpcsp-thumb\"  alt=\"GEL DE BAIN\" \/><\/a>\r\n                                                <section style=\"display: none\">\r\n                            <div class=\"lightbox\" style=\"display: flex;\" id=\"f1358\">\r\n                                <div class=\"atw_image_l\" style=\"margin-right: 30px;\"><img decoding=\"async\" src=\"https:\/\/greenbotanic.es\/wp-content\/uploads\/2021\/06\/gel-de-bano-green-botanic-1-300x300.jpg\" class=\"wpcsp-thumb\"  alt=\"GEL DE BAIN\" \/><\/div>\r\n                                <div class=\"atw_product_desc\">\r\n                                    <h1 style=\"font-size: 40px; margin-bottom: 30px\">GEL DE BAIN<\/h1>\r\n                                    <span class=\"atw_product_price\" style=\"display: block; margin-bottom: 30px; color: red; font-size: 20px;\"><span class=\"woocommerce-Price-amount amount\"><bdi>0.00<span class=\"woocommerce-Price-currencySymbol\">&euro;<\/span><\/bdi><\/span><\/span>\r\n                                    <p>Gel transparent pour un usage quotidien avec une mousse abondante et douce. Formule enrichie en agents aux propri\u00e9t\u00e9s adoucissantes et apaisantes, id\u00e9ale pour une peau soign\u00e9e et prot\u00e9g\u00e9e. Avec de la GLYCERINE, ALOE VERA EXTRACT, GINKGO BILOBA EXTRACT.<\/p>\r\n                                    <p class=\"product woocommerce add_to_cart_inline \" style=\"border:4px solid #ccc; padding: 12px;\"><a href=\"https:\/\/greenbotanic.es\/fr\/product\/gel-de-bain\" aria-describedby=\"woocommerce_loop_add_to_cart_link_describedby_1358\" data-quantity=\"1\" class=\"button product_type_variable add_to_cart_button\" data-product_id=\"1358\" data-product_sku=\"\" aria-label=\"S\u00e9lectionner les options pour &ldquo;GEL DE BAIN&rdquo;\" rel=\"nofollow\">Choix des options<\/a>\t<span id=\"woocommerce_loop_add_to_cart_link_describedby_1358\" class=\"screen-reader-text\">\n\t\tCe produit a plusieurs variations. Les options peuvent \u00eatre choisies sur la page du produit\t<\/span>\n<\/p>                                <\/div>\r\n                            <\/div>\r\n                        <\/section>\r\n                        <div class=\"atw_floated_badge badge--right\"><\/div><div class=\"atw_floated_badge badge--left\"><\/div><div class=\"atw_floated_badge badge--right\"><\/div>\r\n                    <\/div>\r\n\r\n                    <div class=\"atw_item_bottom\">\r\n                                                    <h4 class=\"atw_item_title\">\r\n                                <a href=\"https:\/\/greenbotanic.es\/fr\/product\/gel-de-bain\">GEL DE BAIN<\/a>\r\n                            <\/h4>\r\n                        \r\n                        <div class=\"atw_item_info\">\r\n                                                    <\/div>\r\n                    <\/div>\r\n                <\/div>\r\n                <!-- end .atw_single_slide -->\r\n            <\/div>\r\n            <!-- Ends: .atw_single_slide -->\r\n                        <div class=\"atw_single_slide\">\r\n                <div class=\"atw_item atw--single_item\">\r\n                    <div class=\"atw_item_top\">\r\n                        <a href=\"https:\/\/greenbotanic.es\/fr\/product\/eau-micellaire\"><img decoding=\"async\" src=\"https:\/\/greenbotanic.es\/wp-content\/uploads\/2021\/06\/agua-micelar-green-botanic-1-300x300.jpg\" class=\"wpcsp-thumb\"  alt=\"EAU MICELLAIRE\" \/><\/a>\r\n                                                <section style=\"display: none\">\r\n                            <div class=\"lightbox\" style=\"display: flex;\" id=\"f1360\">\r\n                                <div class=\"atw_image_l\" style=\"margin-right: 30px;\"><img decoding=\"async\" src=\"https:\/\/greenbotanic.es\/wp-content\/uploads\/2021\/06\/agua-micelar-green-botanic-1-300x300.jpg\" class=\"wpcsp-thumb\"  alt=\"EAU MICELLAIRE\" \/><\/div>\r\n                                <div class=\"atw_product_desc\">\r\n                                    <h1 style=\"font-size: 40px; margin-bottom: 30px\">EAU MICELLAIRE<\/h1>\r\n                                    <span class=\"atw_product_price\" style=\"display: block; margin-bottom: 30px; color: red; font-size: 20px;\"><span class=\"woocommerce-Price-amount amount\"><bdi>0.00<span class=\"woocommerce-Price-currencySymbol\">&euro;<\/span><\/bdi><\/span><\/span>\r\n                                    <p>Eau micellaire formul\u00e9e avec des nettoyants doux, r\u00e9-huil\u00e9s, qui soignent, nettoient et d\u00e9maquillent la peau du visage. Avec de la GLYCERINE, ALOE VERA EXTRACT, GINKGO BILOBA EXTRACT, des actifs hydratants et apaisants pour les peaux sensibles.<\/p>\r\n                                    <p class=\"product woocommerce add_to_cart_inline \" style=\"border:4px solid #ccc; padding: 12px;\"><a href=\"https:\/\/greenbotanic.es\/fr\/product\/eau-micellaire\" aria-describedby=\"woocommerce_loop_add_to_cart_link_describedby_1360\" data-quantity=\"1\" class=\"button product_type_variable add_to_cart_button\" data-product_id=\"1360\" data-product_sku=\"\" aria-label=\"S\u00e9lectionner les options pour &ldquo;EAU MICELLAIRE&rdquo;\" rel=\"nofollow\">Choix des options<\/a>\t<span id=\"woocommerce_loop_add_to_cart_link_describedby_1360\" class=\"screen-reader-text\">\n\t\tCe produit a plusieurs variations. Les options peuvent \u00eatre choisies sur la page du produit\t<\/span>\n<\/p>                                <\/div>\r\n                            <\/div>\r\n                        <\/section>\r\n                        <div class=\"atw_floated_badge badge--right\"><\/div><div class=\"atw_floated_badge badge--left\"><\/div><div class=\"atw_floated_badge badge--right\"><\/div>\r\n                    <\/div>\r\n\r\n                    <div class=\"atw_item_bottom\">\r\n                                                    <h4 class=\"atw_item_title\">\r\n                                <a href=\"https:\/\/greenbotanic.es\/fr\/product\/eau-micellaire\">EAU MICELLAIRE<\/a>\r\n                            <\/h4>\r\n                        \r\n                        <div class=\"atw_item_info\">\r\n                                                    <\/div>\r\n                    <\/div>\r\n                <\/div>\r\n                <!-- end .atw_single_slide -->\r\n            <\/div>\r\n            <!-- Ends: .atw_single_slide -->\r\n                        <div class=\"atw_single_slide\">\r\n                <div class=\"atw_item atw--single_item\">\r\n                    <div class=\"atw_item_top\">\r\n                        <a href=\"https:\/\/greenbotanic.es\/fr\/product\/deo-roll-on\"><img decoding=\"async\" src=\"https:\/\/greenbotanic.es\/wp-content\/uploads\/2021\/06\/desodorante-roll-on-1-300x300.jpg\" class=\"wpcsp-thumb\"  alt=\"DEO ROLL ON\" \/><\/a>\r\n                                                <section style=\"display: none\">\r\n                            <div class=\"lightbox\" style=\"display: flex;\" id=\"f1362\">\r\n                                <div class=\"atw_image_l\" style=\"margin-right: 30px;\"><img decoding=\"async\" src=\"https:\/\/greenbotanic.es\/wp-content\/uploads\/2021\/06\/desodorante-roll-on-1-300x300.jpg\" class=\"wpcsp-thumb\"  alt=\"DEO ROLL ON\" \/><\/div>\r\n                                <div class=\"atw_product_desc\">\r\n                                    <h1 style=\"font-size: 40px; margin-bottom: 30px\">DEO ROLL ON<\/h1>\r\n                                    <span class=\"atw_product_price\" style=\"display: block; margin-bottom: 30px; color: red; font-size: 20px;\"><span class=\"woocommerce-Price-amount amount\"><bdi>0.00<span class=\"woocommerce-Price-currencySymbol\">&euro;<\/span><\/bdi><\/span><\/span>\r\n                                    <p>D\u00e9odorant anti-transpiration Roll-on au parfum de verveine, qui prend soin des peaux plus sensibles, sans les irriter, en r\u00e9gulant la transpiration et en la prot\u00e9geant jusqu'\u00e0 24 heures. Avec de la GLYCERINE, VITAMINE E ET EXTRACTS D'ALOE VERA ET DE GINKGO BILOBA. Test d'efficacit\u00e9 de protection sur 24h.<\/p>\r\n                                    <p class=\"product woocommerce add_to_cart_inline \" style=\"border:4px solid #ccc; padding: 12px;\"><a href=\"https:\/\/greenbotanic.es\/fr\/product\/deo-roll-on\" aria-describedby=\"woocommerce_loop_add_to_cart_link_describedby_1362\" data-quantity=\"1\" class=\"button product_type_variable add_to_cart_button\" data-product_id=\"1362\" data-product_sku=\"\" aria-label=\"S\u00e9lectionner les options pour &ldquo;DEO ROLL ON&rdquo;\" rel=\"nofollow\">Choix des options<\/a>\t<span id=\"woocommerce_loop_add_to_cart_link_describedby_1362\" class=\"screen-reader-text\">\n\t\tCe produit a plusieurs variations. Les options peuvent \u00eatre choisies sur la page du produit\t<\/span>\n<\/p>                                <\/div>\r\n                            <\/div>\r\n                        <\/section>\r\n                        <div class=\"atw_floated_badge badge--right\"><\/div><div class=\"atw_floated_badge badge--left\"><\/div><div class=\"atw_floated_badge badge--right\"><\/div>\r\n                    <\/div>\r\n\r\n                    <div class=\"atw_item_bottom\">\r\n                                                    <h4 class=\"atw_item_title\">\r\n                                <a href=\"https:\/\/greenbotanic.es\/fr\/product\/deo-roll-on\">DEO ROLL ON<\/a>\r\n                            <\/h4>\r\n                        \r\n                        <div class=\"atw_item_info\">\r\n                                                    <\/div>\r\n                    <\/div>\r\n                <\/div>\r\n                <!-- end .atw_single_slide -->\r\n            <\/div>\r\n            <!-- Ends: .atw_single_slide -->\r\n            \r\n        <\/div>\r\n\r\n                <span class=\"slider_control slider_control_round slider--control1747741047 icon-arrow-left\"><\/span>\r\n        <span class=\"slider_control slider_control_round slider--control1747741047 icon-arrow-right\"><\/span>\r\n            <\/div>\r\n    <!-- Ends: .atw_slider_wrapper -->\r\n<\/div>\r\n<!-- end #atw_style1 -->\r\n                            <\/div>\r\n                            <!-- Ends: .col-md-12 -->\r\n                        <\/div>\r\n                    <\/div>\r\n                <\/div>\r\n\r\n\r\n                \n","protected":false},"excerpt":{"rendered":"<p>D\u00e9odorant anti-transpiration Roll-on au parfum de verveine, qui prend soin des peaux plus sensibles, sans les irriter, en r\u00e9gulant la transpiration et en la prot\u00e9geant jusqu&rsquo;\u00e0 24 heures. Avec de la GLYCERINE, VITAMINE E ET EXTRACTS D&rsquo;ALOE VERA ET DE GINKGO BILOBA. Test d&rsquo;efficacit\u00e9 de protection sur 24h.<\/p>\n","protected":false},"featured_media":1156,"comment_status":"open","ping_status":"closed","template":"","meta":[],"product_brand":[],"product_cat":[67,68],"product_tag":[],"class_list":{"0":"post-1362","1":"product","2":"type-product","3":"status-publish","4":"has-post-thumbnail","6":"product_cat-dermo-impulsion","7":"product_cat-ligne-dermo","8":"pa_formato-75-ml-fr","9":"","10":"woocommerce-text-align-center","11":"woocommerce-image-align-center","13":"first","14":"instock","15":"shipping-taxable","16":"purchasable","17":"product-type-variable"},"_links":{"self":[{"href":"https:\/\/greenbotanic.es\/fr\/wp-json\/wp\/v2\/product\/1362","targetHints":{"allow":["GET"]}}],"collection":[{"href":"https:\/\/greenbotanic.es\/fr\/wp-json\/wp\/v2\/product"}],"about":[{"href":"https:\/\/greenbotanic.es\/fr\/wp-json\/wp\/v2\/types\/product"}],"replies":[{"embeddable":true,"href":"https:\/\/greenbotanic.es\/fr\/wp-json\/wp\/v2\/comments?post=1362"}],"wp:featuredmedia":[{"embeddable":true,"href":"https:\/\/greenbotanic.es\/fr\/wp-json\/wp\/v2\/media\/1156"}],"wp:attachment":[{"href":"https:\/\/greenbotanic.es\/fr\/wp-json\/wp\/v2\/media?parent=1362"}],"wp:term":[{"taxonomy":"product_brand","embeddable":true,"href":"https:\/\/greenbotanic.es\/fr\/wp-json\/wp\/v2\/product_brand?post=1362"},{"taxonomy":"product_cat","embeddable":true,"href":"https:\/\/greenbotanic.es\/fr\/wp-json\/wp\/v2\/product_cat?post=1362"},{"taxonomy":"product_tag","embeddable":true,"href":"https:\/\/greenbotanic.es\/fr\/wp-json\/wp\/v2\/product_tag?post=1362"}],"curies":[{"name":"wp","href":"https:\/\/api.w.org\/{rel}","templated":true}]}}