{"id":2298,"date":"2021-10-19T16:17:49","date_gmt":"2021-10-19T14:17:49","guid":{"rendered":"https:\/\/greenbotanic.es\/politique-de-confidentialite"},"modified":"2021-11-12T14:56:46","modified_gmt":"2021-11-12T13:56:46","slug":"politique-de-confidentialite","status":"publish","type":"page","link":"https:\/\/greenbotanic.es\/fr\/politique-de-confidentialite","title":{"rendered":"Politique de confidentialit\u00e9"},"content":{"rendered":"\n<p>GREEN SELECT FRAGANTIS S.L., conform\u00e9ment aux dispositions du r\u00e8glement g\u00e9n\u00e9ral sur la protection des donn\u00e9es (RGPD 2016\/679), informe les utilisateurs du site https:\/\/greenbotanic.es\/ :<\/p>\n\n<p><strong>Qui est responsable du traitement de vos donn\u00e9es ?<\/strong><\/p>\n\n<p>Les donn\u00e9es fournies par l&rsquo;utilisateur \u00e0 travers les formulaires de ce site web seront incluses dans le traitement des donn\u00e9es dont est responsable GREEN SELECT FRAGANTIS S.L., dont le num\u00e9ro d&rsquo;identification fiscale est B99416752 et dont l&rsquo;adresse de notification est Pol. Malpica, C\/D, Parc. 66, Local C, S\/N, 50016 Zaragoza.<\/p>\n\n<p>Vous pouvez nous contacter par t\u00e9l\u00e9phone au 976457070 ou par courriel \u00e0 protecciondedatos@saphir.es.<\/p>\n\n<p><strong>Dans quel but recueillons-nous vos donn\u00e9es ?<\/strong><\/p>\n\n<p>Ce site web collecte des donn\u00e9es personnelles par le biais de diff\u00e9rents formulaires. Les donn\u00e9es demand\u00e9es sur chaque formulaire sont celles n\u00e9cessaires \u00e0 la finalit\u00e9 pour laquelle elles sont collect\u00e9es. La finalit\u00e9 du traitement est la suivante :<\/p>\n\n<p>FORMULAIRE DE CONTACT :<\/p>\n\n<p>La collecte des donn\u00e9es sur ce formulaire a pour but de pouvoir r\u00e9pondre aux questions pos\u00e9es et d&rsquo;envoyer \u00e0 l&rsquo;utilisateur les informations demand\u00e9es via l&rsquo;e-mail ou le t\u00e9l\u00e9phone indiqu\u00e9s sur le formulaire.<\/p>\n\n<p>E-MAIL:<\/p>\n\n<p>Si l&rsquo;utilisateur nous contacte via l&rsquo;adresse \u00e9lectronique publi\u00e9e sur ce site, ses donn\u00e9es seront trait\u00e9es afin de r\u00e9pondre aux questions pos\u00e9es et de pouvoir lui envoyer les informations demand\u00e9es via l&rsquo;adresse \u00e9lectronique par laquelle la demande est re\u00e7ue.<\/p>\n\n<p><strong>Quelle cat\u00e9gorie de donn\u00e9es traitons-nous ?<\/strong><\/p>\n\n<p>Les donn\u00e9es collect\u00e9es, y compris mais sans s&rsquo;y limiter, se r\u00e9f\u00e8rent \u00e0 la cat\u00e9gorie des donn\u00e9es d&rsquo;identification, telles que : Nom et pr\u00e9nom, T\u00e9l\u00e9phone et E-mail.<\/p>\n\n<p><strong>Combien de temps conservons-nous vos donn\u00e9es ?<\/strong><\/p>\n\n<p>Les donn\u00e9es collect\u00e9es par le biais des formulaires de notre site web seront conserv\u00e9es aussi longtemps qu&rsquo;elles sont n\u00e9cessaires pour atteindre l&rsquo;objectif pour lequel elles ont \u00e9t\u00e9 collect\u00e9es.<\/p>\n\n<p><strong>Est-ce que nous profilons vos donn\u00e9es ?<\/strong><\/p>\n\n<p>Aucune d\u00e9cision automatis\u00e9e ne sera prise et aucun profilage n&rsquo;aura lieu.<\/p>\n\n<p><strong>Qu&rsquo;est-ce qui l\u00e9gitime le traitement de vos donn\u00e9es ?<\/strong><\/p>\n\n<p>La l\u00e9gitimit\u00e9 du traitement de vos donn\u00e9es est le consentement expr\u00e8s donn\u00e9 par le biais d&rsquo;un acte positif et affirmatif (remplir le formulaire correspondant et cocher la case d&rsquo;acceptation de cette politique) au moment de nous fournir vos donn\u00e9es personnelles. L&rsquo;utilisateur doit remplir les champs demand\u00e9s afin de pouvoir envoyer les formulaires remplis ; si les champs indiqu\u00e9s ne sont pas remplis, l&rsquo;utilisateur ne pourra pas les envoyer.<\/p>\n\n<p>Le traitement des donn\u00e9es envoy\u00e9es par le biais du courrier publi\u00e9 sur le site est l\u00e9gitim\u00e9 par l&rsquo;int\u00e9r\u00eat l\u00e9gitime de notre soci\u00e9t\u00e9 \u00e0 r\u00e9pondre aux communications re\u00e7ues.<\/p>\n\n<p><strong>\u00c0 qui communiquons-nous vos donn\u00e9es ?<\/strong><\/p>\n\n<p>Aucun transfert de donn\u00e9es n&rsquo;est pr\u00e9vu, \u00e0 l&rsquo;exception de ceux autoris\u00e9s par la l\u00e9gislation fiscale, commerciale et des t\u00e9l\u00e9communications, ainsi que dans les cas o\u00f9 nous y sommes contraints par une autorit\u00e9 judiciaire.<\/p>\n\n<p><strong>Quels sont les tiers qui fournissent des services sur ce site web ?<\/strong><\/p>\n\n<p>Les prestataires de services suivants sont utilis\u00e9s pour le d\u00e9veloppement de ce site web :<\/p>\n\n<p>Hosting: les serveurs sur lesquels notre site web est h\u00e9berg\u00e9 sont situ\u00e9s dans l&rsquo;UE. Il utilise des protocoles s\u00e9curis\u00e9s afin que la communication des donn\u00e9es se fasse par un canal crypt\u00e9.<\/p>\n\n<p><strong>Quels sont vos droits et comment pouvez-vous les exercer ?<\/strong><\/p>\n\n<p>Les utilisateurs ont le droit d&rsquo;acc\u00e9der \u00e0 leurs donn\u00e9es personnelles, de demander la rectification des donn\u00e9es inexactes, ainsi que leur suppression lorsque, entre autres raisons, elles ne sont plus n\u00e9cessaires aux fins pour lesquelles elles ont \u00e9t\u00e9 collect\u00e9es. Dans certaines circonstances, vous pouvez \u00e9galement demander la limitation de leur traitement, auquel cas elles ne seront conserv\u00e9es que pour l&rsquo;exercice ou la d\u00e9fense de droits, ainsi que demander la portabilit\u00e9 de vos donn\u00e9es. Pour des raisons li\u00e9es \u00e0 votre situation particuli\u00e8re, vous pouvez vous opposer au traitement de vos donn\u00e9es et GREEN SELECT FRAGANTIS S.L. cessera de les traiter, sauf pour des raisons l\u00e9gitimes imp\u00e9rieuses, ou l&rsquo;exercice ou la d\u00e9fense d&rsquo;\u00e9ventuelles r\u00e9clamations.<\/p>\n\n<p>Le demandeur peut r\u00e9voquer \u00e0 tout moment les consentements donn\u00e9s. Le demandeur peut exercer ses droits en envoyant un courrier \u00e9lectronique \u00e0 protecciondatos@grasseparfums.es ou en se rendant dans les bureaux situ\u00e9s \u00e0 Pol. Malpica, C\/D, Parc. 66, Local C, S\/N, 50016 Zaragoza, en joignant une photocopie de votre carte d&rsquo;identit\u00e9 et en indiquant le droit que vous exercez. Vous pouvez \u00e9galement d\u00e9poser une plainte aupr\u00e8s de l&rsquo;Agence espagnole de protection des donn\u00e9es.<\/p>\n\n<p><strong>Quelles mesures de s\u00e9curit\u00e9 avons-nous mises en place ?<\/strong><\/p>\n\n<p>Dans le cadre de notre engagement \u00e0 garantir la s\u00e9curit\u00e9 et la confidentialit\u00e9 de vos donn\u00e9es personnelles, nous vous informons que nous avons adopt\u00e9 les mesures techniques et organisationnelles n\u00e9cessaires pour garantir la s\u00e9curit\u00e9 de vos donn\u00e9es personnelles et emp\u00eacher leur alt\u00e9ration, leur perte, leur traitement ou leur acc\u00e8s non autoris\u00e9, compte tenu de l&rsquo;\u00e9tat de la technologie, de la nature des donn\u00e9es stock\u00e9es et des risques auxquels elles sont expos\u00e9es, conform\u00e9ment \u00e0 l&rsquo;art. 32 du RGPD UE 679\/2016.<\/p>\n\n<p><strong>Comment fonctionnent nos m\u00e9dias sociaux ?<\/strong><\/p>\n\n<p>Gr\u00e2ce \u00e0 nos m\u00e9dias sociaux, vous pouvez partager notre contenu ou nous laisser vos commentaires, photos ou vid\u00e9os, pour autant qu&rsquo;ils int\u00e9ressent l&rsquo;ensemble de la communaut\u00e9.<\/p>\n\n<p>Nos m\u00e9dias sociaux sont surveill\u00e9s en permanence afin de r\u00e9pondre \u00e0 vos questions et commentaires dans les plus brefs d\u00e9lais.<\/p>\n\n<p>Nous voulons que ce soit un espace dont nous pouvons tous profiter, il est donc important que nous respections tous les r\u00e8gles de coexistence :<\/p>\n\n<ol class=\"wp-block-list\"><li>Vous \u00eates responsable du contenu que vous publiez, ne violez aucun droit, aucune loi ou aucun r\u00e8glement.<\/li><li>Soignez la formulation et le ton, \u00e9vitez de publier toute information injurieuse, diffamatoire ou obsc\u00e8ne.<\/li><li>Respectez le droit \u00e0 la vie priv\u00e9e, ne faites pas de commentaires ill\u00e9gaux, offensants ou discriminatoires sur les autres.<\/li><li>\u00c9vitez les commentaires frauduleux, trompeurs ou mensongers.<\/li><li>Nous n&rsquo;autorisons pas les spams, les messages commerciaux ou publicitaires, nous ne voulons pas de messages r\u00e9p\u00e9titifs.<\/li><li>Nous n&rsquo;engagerons pas de conversation avec des profils que nous pourrions consid\u00e9rer comme faux.<\/li><\/ol>\n\n<p>Veuillez noter que le contenu publi\u00e9 par les adeptes sur nos pages ne refl\u00e8te pas n\u00e9cessairement les opinions de notre entreprise.<\/p>\n\n<p>Si vos commentaires ne sont pas conformes aux \u00ab\u00a0r\u00e8gles de la maison\u00a0\u00bb, ils peuvent \u00eatre supprim\u00e9s, cach\u00e9s ou bloqu\u00e9s. Toute personne publiant un contenu non autoris\u00e9 sera bloqu\u00e9e de la communaut\u00e9.<\/p>\n\n<p>Nous nous r\u00e9servons le droit de modifier ces r\u00e8gles \u00e0 tout moment et sans pr\u00e9avis.<\/p>\n","protected":false},"excerpt":{"rendered":"<p>GREEN SELECT FRAGANTIS S.L., conform\u00e9ment aux dispositions du r\u00e8glement g\u00e9n\u00e9ral sur la protection des donn\u00e9es (RGPD 2016\/679), informe les utilisateurs du site https:\/\/greenbotanic.es\/ : Qui est responsable du traitement de vos donn\u00e9es ? Les donn\u00e9es fournies par l&rsquo;utilisateur \u00e0 travers les formulaires de ce site web seront incluses dans le traitement des donn\u00e9es dont est &#8230; <a title=\"Politique de confidentialit\u00e9\" class=\"read-more\" href=\"https:\/\/greenbotanic.es\/fr\/politique-de-confidentialite\" aria-label=\"En savoir plus sur Politique de confidentialit\u00e9\">Lire plus<\/a><\/p>\n","protected":false},"author":2,"featured_media":0,"parent":0,"menu_order":0,"comment_status":"closed","ping_status":"closed","template":"","meta":{"footnotes":""},"class_list":["post-2298","page","type-page","status-publish"],"_links":{"self":[{"href":"https:\/\/greenbotanic.es\/fr\/wp-json\/wp\/v2\/pages\/2298","targetHints":{"allow":["GET"]}}],"collection":[{"href":"https:\/\/greenbotanic.es\/fr\/wp-json\/wp\/v2\/pages"}],"about":[{"href":"https:\/\/greenbotanic.es\/fr\/wp-json\/wp\/v2\/types\/page"}],"author":[{"embeddable":true,"href":"https:\/\/greenbotanic.es\/fr\/wp-json\/wp\/v2\/users\/2"}],"replies":[{"embeddable":true,"href":"https:\/\/greenbotanic.es\/fr\/wp-json\/wp\/v2\/comments?post=2298"}],"version-history":[{"count":3,"href":"https:\/\/greenbotanic.es\/fr\/wp-json\/wp\/v2\/pages\/2298\/revisions"}],"predecessor-version":[{"id":2758,"href":"https:\/\/greenbotanic.es\/fr\/wp-json\/wp\/v2\/pages\/2298\/revisions\/2758"}],"wp:attachment":[{"href":"https:\/\/greenbotanic.es\/fr\/wp-json\/wp\/v2\/media?parent=2298"}],"curies":[{"name":"wp","href":"https:\/\/api.w.org\/{rel}","templated":true}]}}