{"id":2290,"date":"2021-10-19T14:28:29","date_gmt":"2021-10-19T12:28:29","guid":{"rendered":"https:\/\/greenbotanic.es\/politique-de-cookies"},"modified":"2021-11-12T08:58:38","modified_gmt":"2021-11-12T07:58:38","slug":"politique-de-cookies","status":"publish","type":"page","link":"https:\/\/greenbotanic.es\/fr\/politique-de-cookies","title":{"rendered":"Politique de cookies"},"content":{"rendered":"\n<p><strong>1. &#8211; Contexte<\/strong><\/p>\n\n<p>Conform\u00e9ment \u00e0 la r\u00e9glementation espagnole r\u00e9gissant l&rsquo;utilisation des cookies, nous vous informons des cookies utilis\u00e9s sur ce site web.<\/p>\n\n<p>2.- QUE SONT LES COOKIES ?<\/p>\n\n<p>Un cookie est un fichier qui est t\u00e9l\u00e9charg\u00e9 sur l&rsquo;ordinateur de l&rsquo;utilisateur lorsqu&rsquo;il acc\u00e8de \u00e0 certaines pages web. Les cookies permettent, entre autres, de stocker et de r\u00e9cup\u00e9rer des informations sur les habitudes de navigation de l&rsquo;utilisateur, ou de personnaliser la mani\u00e8re dont le contenu est affich\u00e9.<\/p>\n\n<p><strong>3.- TYPES DE COOKIES<\/strong><\/p>\n\n<p>Les cookies peuvent \u00eatre class\u00e9s comme suit :<\/p>\n\n<p><strong>Les cookies selon l&rsquo;entit\u00e9 qui les g\u00e8re :<\/strong><\/p>\n\n<p>1.- <strong>Cookies propres<\/strong> : Ce sont ceux qui sont envoy\u00e9s \u00e0 l&rsquo;\u00e9quipement terminal de l&rsquo;utilisateur depuis un ordinateur ou un domaine g\u00e9r\u00e9 par l&rsquo;\u00e9diteur lui-m\u00eame et \u00e0 partir duquel le service demand\u00e9 par l&rsquo;utilisateur est fourni.<\/p>\n\n<p>2.- <strong>Cookies de tiers<\/strong> : Il s&rsquo;agit de cookies qui sont envoy\u00e9s \u00e0 l&rsquo;\u00e9quipement terminal de l&rsquo;utilisateur depuis un ordinateur ou un domaine qui n&rsquo;est pas g\u00e9r\u00e9 par l&rsquo;\u00e9diteur, mais par une autre entit\u00e9 qui traite les donn\u00e9es obtenues par le biais des cookies.<\/p>\n\n<p><strong>Cookies en fonction du but recherch\u00e9 :<\/strong><\/p>\n\n<p>1.- <strong>Cookies techniques<\/strong> : ce sont des cookies qui permettent \u00e0 l&rsquo;utilisateur de naviguer sur un site web, une plateforme ou une application et d&rsquo;utiliser les diff\u00e9rentes options ou services qui y existent, y compris ceux que l&rsquo;\u00e9diteur utilise pour permettre la gestion et le fonctionnement du site web et pour permettre ses fonctions et services.<\/p>\n\n<p>2.- <strong>Cookies de pr\u00e9f\u00e9rence ou de personnalisation<\/strong> : il s&rsquo;agit de cookies qui permettent de m\u00e9moriser des informations afin que l&rsquo;utilisateur puisse acc\u00e9der au service avec certaines caract\u00e9ristiques qui peuvent diff\u00e9rencier son exp\u00e9rience de celle des autres utilisateurs.<\/p>\n\n<p>3.- <strong>Cookies d&rsquo;analyse ou de m\u00e9diation<\/strong> : ces cookies permettent \u00e0 la partie qui en est responsable de suivre et d&rsquo;analyser le comportement des utilisateurs des sites web auxquels ils sont li\u00e9s.<\/p>\n\n<p>4.- <strong>Cookies de publicit\u00e9 comportementale<\/strong> : Ces cookies permettent de g\u00e9rer, de la mani\u00e8re la plus efficace possible, les espaces publicitaires que, le cas \u00e9ch\u00e9ant, l&rsquo;\u00e9diteur a inclus sur un site web, une application ou une plateforme \u00e0 partir desquels le service demand\u00e9 est fourni. Ces cookies stockent des informations sur le comportement des utilisateurs obtenues par l&rsquo;observation continue de leurs habitudes de navigation, ce qui permet de d\u00e9velopper un profil sp\u00e9cifique afin d&rsquo;afficher des publicit\u00e9s bas\u00e9es sur ce dernier. De m\u00eame, il est possible que, lorsque vous visitez une page web ou ouvrez un courrier \u00e9lectronique o\u00f9 est publi\u00e9e une publicit\u00e9 ou une promotion sur nos produits ou services, un cookie soit install\u00e9 dans votre navigateur, ce qui nous permet de vous montrer ult\u00e9rieurement des publicit\u00e9s li\u00e9es \u00e0 la recherche que vous avez effectu\u00e9e, de surveiller nos publicit\u00e9s en fonction, par exemple, du nombre de fois o\u00f9 elles sont vues, de l&rsquo;endroit o\u00f9 elles apparaissent, de l&rsquo;heure \u00e0 laquelle elles sont vues, etc.<\/p>\n\n<p><strong>Les cookies en fonction de leur dur\u00e9e d&rsquo;activation :<\/strong><\/p>\n\n<p>1. &#8211; <strong>Cookies de session<\/strong> : ils sont con\u00e7us pour collecter et stocker des donn\u00e9es pendant que l&rsquo;utilisateur acc\u00e8de \u00e0 un site web. Ils sont utilis\u00e9s pour stocker des informations qui ne doivent \u00eatre conserv\u00e9es que pour la fourniture du service demand\u00e9 par l&rsquo;utilisateur \u00e0 une seule occasion et disparaissent \u00e0 la fin de la session.<\/p>\n\n<p>2. &#8211; <strong>Cookies persistants<\/strong> : il s&rsquo;agit de cookies dans lesquels les donn\u00e9es restent stock\u00e9es dans le terminal et peuvent \u00eatre consult\u00e9es et trait\u00e9es pendant une p\u00e9riode de temps d\u00e9finie, qui peut aller de quelques minutes \u00e0 plusieurs ann\u00e9es.<\/p>\n\n<p><strong>4.- TYPES DE COOKIES UTILIS\u00c9S PAR CE SITE WEB<\/strong><\/p>\n\n<p>Notre site web utilise les cookies suivants :<\/p>\n\n<figure class=\"wp-block-table\"><table><tbody><tr><td><strong>Nom<\/strong><\/td><td><strong>Propri\u00e9t\u00e9<\/strong><\/td><td><strong>Type<\/strong><\/td><td><strong>Date d&rsquo;expiration<\/strong><\/td><td><strong>Objectif<\/strong><\/td><\/tr><tr><td>CookieConsent<\/td><td>greenbotanic.es<\/td><td>N\u00e9cessaire<\/td><td>1 an<\/td><td>Stocke l&rsquo;\u00e9tat du consentement de l&rsquo;utilisateur aux cookies pour le domaine actuel<\/td><\/tr><tr><td>Elementor<\/td><td>greenbotanic.es<\/td><td>N\u00e9cessaire<\/td><td>Persistant<\/td><td>Utilis\u00e9 pour v\u00e9rifier si le navigateur de l&rsquo;utilisateur accepte les cookies. Le cookie permet au propri\u00e9taire du site web de d\u00e9ployer ou de modifier le contenu du site en temps r\u00e9el.<\/td><\/tr><tr><td>JSESSIONID<\/td><td>greenbotanic.es <\/td><td>N\u00e9cessaire<\/td><td>Session<\/td><td>Conserve les statuts des utilisateurs dans les demandes de pages<\/td><\/tr><tr><td>wc_cart_hash_#<\/td><td>greenbotanic.es <\/td><td>N\u00e9cessaire<\/td><td>Persistant<\/td><td>D\u00e9classifi\u00e9<\/td><\/tr><tr><td>wc_fragments_#<\/td><td>greenbotanic.es  <\/td><td>N\u00e9cessaire<\/td><td>Session<\/td><td>D\u00e9classifi\u00e9<\/td><\/tr><tr><td>wordpress_test_cookie<\/td><td>greenbotanic.es   <\/td><td>N\u00e9cessaire<\/td><td>Session <\/td><td>Utilis\u00e9 pour v\u00e9rifier si le navigateur de l&rsquo;utilisateur accepte les cookies.<\/td><\/tr><tr><td>_ga<\/td><td>greenbotanic.es    <\/td><td>Statistiques<\/td><td>2 ans<\/td><td>Il enregistre un identifiant unique qui est utilis\u00e9 pour g\u00e9n\u00e9rer des donn\u00e9es statistiques sur la fa\u00e7on dont le visiteur utilise le site web.<\/td><\/tr><tr><td>_<em>ga<\/em>#<\/td><td>greenbotanic.es     <\/td><td>Statistiques<\/td><td>2 ans<\/td><td>Utilis\u00e9 par Google Analytics pour collecter des donn\u00e9es sur le nombre de fois qu&rsquo;un utilisateur a visit\u00e9 le site web, ainsi que les dates de la premi\u00e8re et de la plus r\u00e9cente visite.<\/td><\/tr><tr><td>woosw_key<\/td><td>greenbotanic.es      <\/td><td>D\u00e9classifi\u00e9<\/td><td>6 jours<\/td><td>D\u00e9classifi\u00e9<\/td><\/tr><\/tbody><\/table><\/figure>\n\n<p><strong>5. &#8211; R\u00c9VOCATION ET SUPPRESSION DES COOKIES<\/strong><\/p>\n\n<p>Lorsque vous acc\u00e9dez \u00e0 notre site web pour la premi\u00e8re fois, vous pouvez accepter ou refuser l&rsquo;utilisation de tous nos cookies ou, si vous pr\u00e9f\u00e9rez, vous pouvez acc\u00e9der aux param\u00e8tres et accepter les cookies en fonction de leur type, \u00e0 l&rsquo;exception des cookies techniques, qui ne n\u00e9cessitent pas le consentement de l&rsquo;utilisateur. Vous pouvez modifier vos pr\u00e9f\u00e9rences \u00e0 tout moment en acc\u00e9dant \u00e0 notre panneau de configuration.<\/p>\n\n<p>En outre, vous pouvez acc\u00e9der aux param\u00e8tres de votre navigateur pour restreindre, bloquer ou supprimer les cookies en suivant l&rsquo;une des proc\u00e9dures ci-dessous, qui d\u00e9pend du navigateur que vous utilisez :<\/p>\n\n<p><strong>Google Chrome<\/strong><\/p>\n\n<p><a href=\"https:\/\/support.google.com\/chrome\/answer\/95647?hl=es\" target=\"_blank\" rel=\"noopener\">https:\/\/support.google.com\/chrome\/answer\/95647?hl=es<\/a><\/p>\n\n<p><strong>Microsoft Internet Explorer<\/strong><\/p>\n\n<p><a href=\"http:\/\/windows.microsoft.com\/es-es\/internet-explorer\/delete-manage-cookies#ie=ie-9\" target=\"_blank\" rel=\"noreferrer noopener\">http:\/\/windows.microsoft.com\/es-es\/internet-explorer\/delete-manage-cookies#ie=ie-9\u00a0<\/a><\/p>\n\n<p><strong>Firefox<\/strong>&#13;\n<a href=\"http:\/\/support.mozilla.org\/es\/kb\/habilitar-y-deshabilitar-cookies-que-los-sitios-we\" target=\"_blank\" rel=\"noreferrer noopener\">http:\/\/support.mozilla.org\/es\/kb\/habilitar-y-deshabilitar-cookies-que-los-sitios-we\u00a0<\/a><\/p>\n\n<p><strong>Safari , iPad e iPhone<\/strong>&#13;\n<a href=\"http:\/\/www.apple.com\/es\/privacy\/use-of-cookies\/\" target=\"_blank\" rel=\"noreferrer noopener\">http:\/\/www.apple.com\/es\/privacy\/use-of-cookies\/\u00a0<\/a><\/p>\n\n<p><strong>Opera<\/strong>&#13;\n<a href=\"http:\/\/help.opera.com\/Linux\/10.60\/es-ES\/cookies.html\" target=\"_blank\" rel=\"noreferrer noopener\">http:\/\/help.opera.com\/Linux\/10.60\/es-ES\/cookies.html\u00a0<\/a><\/p>\n\n<p><strong>6.- FOURNISSEURS DE SERVICES TIERS<\/strong><\/p>\n\n<p>Plus pr\u00e9cis\u00e9ment, les prestataires de services tiers avec lesquels nous avons contract\u00e9 un service pour lequel l&rsquo;utilisation de cookies est n\u00e9cessaire sont :<\/p>\n\n<figure class=\"wp-block-table\"><table><tbody><tr><td><strong>Fournisseur<\/strong><\/td><td><strong>Objectif du service et du cookie<\/strong><\/td><td><strong>Informations sur les fournisseurs<\/strong><\/td><\/tr><tr><td>\u00a0Google<\/td><td>\u00a0Pour les statistiques du site web<\/td><td><a href=\"https:\/\/policies.google.com\/technologies\/cookies?hl=es\" target=\"_blank\" rel=\"noopener\">https:\/\/policies.google.com\/technologies\/cookies?hl=es<\/a><\/td><\/tr><\/tbody><\/table><\/figure>\n","protected":false},"excerpt":{"rendered":"<p>1. &#8211; Contexte Conform\u00e9ment \u00e0 la r\u00e9glementation espagnole r\u00e9gissant l&rsquo;utilisation des cookies, nous vous informons des cookies utilis\u00e9s sur ce site web. 2.- QUE SONT LES COOKIES ? Un cookie est un fichier qui est t\u00e9l\u00e9charg\u00e9 sur l&rsquo;ordinateur de l&rsquo;utilisateur lorsqu&rsquo;il acc\u00e8de \u00e0 certaines pages web. Les cookies permettent, entre autres, de stocker et de &#8230; <a title=\"Politique de cookies\" class=\"read-more\" href=\"https:\/\/greenbotanic.es\/fr\/politique-de-cookies\" aria-label=\"En savoir plus sur Politique de cookies\">Lire plus<\/a><\/p>\n","protected":false},"author":2,"featured_media":0,"parent":0,"menu_order":0,"comment_status":"closed","ping_status":"closed","template":"","meta":{"footnotes":""},"class_list":["post-2290","page","type-page","status-publish"],"_links":{"self":[{"href":"https:\/\/greenbotanic.es\/fr\/wp-json\/wp\/v2\/pages\/2290","targetHints":{"allow":["GET"]}}],"collection":[{"href":"https:\/\/greenbotanic.es\/fr\/wp-json\/wp\/v2\/pages"}],"about":[{"href":"https:\/\/greenbotanic.es\/fr\/wp-json\/wp\/v2\/types\/page"}],"author":[{"embeddable":true,"href":"https:\/\/greenbotanic.es\/fr\/wp-json\/wp\/v2\/users\/2"}],"replies":[{"embeddable":true,"href":"https:\/\/greenbotanic.es\/fr\/wp-json\/wp\/v2\/comments?post=2290"}],"version-history":[{"count":4,"href":"https:\/\/greenbotanic.es\/fr\/wp-json\/wp\/v2\/pages\/2290\/revisions"}],"predecessor-version":[{"id":2748,"href":"https:\/\/greenbotanic.es\/fr\/wp-json\/wp\/v2\/pages\/2290\/revisions\/2748"}],"wp:attachment":[{"href":"https:\/\/greenbotanic.es\/fr\/wp-json\/wp\/v2\/media?parent=2290"}],"curies":[{"name":"wp","href":"https:\/\/api.w.org\/{rel}","templated":true}]}}