{"id":2284,"date":"2021-10-19T13:57:34","date_gmt":"2021-10-19T11:57:34","guid":{"rendered":"https:\/\/greenbotanic.es\/notice-legale"},"modified":"2021-10-20T14:17:46","modified_gmt":"2021-10-20T12:17:46","slug":"notice-legale","status":"publish","type":"page","link":"https:\/\/greenbotanic.es\/fr\/notice-legale","title":{"rendered":"Notice l\u00e9gale"},"content":{"rendered":"\n<p>Conform\u00e9ment \u00e0 l&rsquo;article 10 de la loi 34\/2002, du 11 juillet, sur les services de la soci\u00e9t\u00e9 de l&rsquo;information et le commerce \u00e9lectronique (LSSI+CE), vous \u00eates inform\u00e9 :<\/p>\n\n<p>Le propri\u00e9taire du site web https:\/\/greenbotanic.es\/ est :<\/p>\n\n<p>Nom de la soci\u00e9t\u00e9 : GREEN SELECT FRAGANTIS S.L.<\/p>\n\n<p>CIF: B99416752<\/p>\n\n<p>Adresse:\u00a0Pol. Malpica, C\/D, Parc. 66, Local C, S\/N, 50016 de Zaragoza<\/p>\n\n<p>T\u00e9l\u00e9phone: 976457070<\/p>\n\n<p>Email: protecciondatos@saphir.es<\/p>\n\n<p>Donn\u00e9es d&rsquo;enregistrement : Volume: 4057, Livre: 0, Feuille: 33, Section: 8, Feuille: Z 57056&#13;\nInscription ou annotation: 1 \/ Date: 12\/08\/2014 Ann\u00e9e: 2014&#13;\n&#13;\n&#13;\n Cet avis juridique est r\u00e9dig\u00e9 en fran\u00e7ais.<\/p>\n\n<p><strong>Vos coordonn\u00e9es<\/strong><\/p>\n\n<p>Les informations ou les donn\u00e9es personnelles fournies par l&rsquo;utilisateur seront trait\u00e9es conform\u00e9ment aux dispositions des politiques de protection des donn\u00e9es. En utilisant ce site web, l&rsquo;utilisateur consent au traitement de ces informations et donn\u00e9es et d\u00e9clare que toutes les informations ou donn\u00e9es fournies sont vraies et correspondent \u00e0 la r\u00e9alit\u00e9.<\/p>\n\n<p><strong>Vie priv\u00e9e\/Protection des donn\u00e9es personnelles<\/strong><\/p>\n\n<p>GREEN SELECT FRAGANTIS S.L. respecte les directives du R\u00e8glement g\u00e9n\u00e9ral sur la protection des donn\u00e9es (R\u00e8glement (UE) 2016\/679) et autres r\u00e9glementations en vigueur \u00e0 tout moment, et assure l&rsquo;utilisation et le traitement corrects des donn\u00e9es personnelles de l&rsquo;utilisateur.<\/p>\n\n<p>\u00c0 cet effet, avec chaque formulaire de collecte de donn\u00e9es personnelles, dans les services que l&rsquo;utilisateur peut demander \u00e0 Nombre de la empresa creadora del sitio web , l&rsquo;utilisateur sera inform\u00e9 de l&rsquo;existence et de l&rsquo;acceptation des conditions sp\u00e9cifiques de traitement de ses donn\u00e9es dans chaque cas, en l&rsquo;informant de la responsabilit\u00e9 du fichier cr\u00e9\u00e9, de l&rsquo;adresse du responsable, de la possibilit\u00e9 d&rsquo;exercer ses droits d&rsquo;acc\u00e8s, de rectification, d&rsquo;annulation ou d&rsquo;opposition, de la finalit\u00e9 du traitement et de la communication des donn\u00e9es \u00e0 des tiers, le cas \u00e9ch\u00e9ant.<\/p>\n\n<p>De m\u00eame, GREEN SELECT FRAGANTIS S.L., cr\u00e9ateur du site web, informe qu&rsquo;il respecte la loi 34\/2002 du 11 juillet, sur les services de la soci\u00e9t\u00e9 de l&rsquo;information et le commerce \u00e9lectronique et demandera \u00e0 tout moment le consentement de l&rsquo;utilisateur pour le traitement de son courrier \u00e9lectronique \u00e0 des fins commerciales.<\/p>\n\n<p><strong>Mineurs<\/strong><\/p>\n\n<p>Le contenu du site web est destin\u00e9 aux personnes majeures. GREEN SELECT FRAGANTIS S.L. n&rsquo;a pas l&rsquo;intention d&rsquo;obtenir des donn\u00e9es de mineurs. Lorsque GREEN SELECT FRAGANTIS S.L. prend connaissance de l&rsquo;existence dans son fichier de donn\u00e9es personnelles d&rsquo;un mineur, elle proc\u00e9dera imm\u00e9diatement \u00e0 l&rsquo;annulation desdites donn\u00e9es.<\/p>\n\n<p><strong>Obligations des usagers<\/strong><\/p>\n\n<p>L&rsquo;utilisateur doit \u00e0 tout moment respecter les termes et conditions \u00e9tablis par le site web.<\/p>\n\n<p>L&rsquo;utilisateur doit utiliser le site web de mani\u00e8re diligente et assume toute responsabilit\u00e9 pouvant d\u00e9couler d&rsquo;une violation des termes et conditions du site web.<\/p>\n\n<p>L&rsquo;utilisateur ne peut utiliser le site web pour transmettre, stocker, diffuser, promouvoir ou distribuer des donn\u00e9es ou des contenus qui contiennent des virus ou tout autre code informatique, des fichiers ou des programmes con\u00e7us pour interrompre, d\u00e9truire ou alt\u00e9rer le fonctionnement de tout programme ou \u00e9quipement informatique ou de t\u00e9l\u00e9communications.<\/p>\n\n<p><strong>Propri\u00e9t\u00e9 industrielle et intellectuelle<\/strong><\/p>\n\n<p>GREEN SELECT FRAGANTIS S.L. d\u00e9tient, elle-m\u00eame ou en tant que cessionnaire, tous les droits de propri\u00e9t\u00e9 intellectuelle et industrielle de son site web, ainsi que des \u00e9l\u00e9ments qu&rsquo;il contient (y compris, mais sans s&rsquo;y limiter, les images, le son, l&rsquo;audio, la vid\u00e9o, les logiciels ou les textes ; les marques ou les logos, les combinaisons de couleurs, la structure et la conception, la s\u00e9lection des mat\u00e9riaux utilis\u00e9s, les programmes informatiques n\u00e9cessaires \u00e0 son fonctionnement, \u00e0 son acc\u00e8s et \u00e0 son utilisation, etc.<\/p>\n\n<p>En vertu des dispositions des articles 8 et 32.1, deuxi\u00e8me alin\u00e9a, de la loi sur la propri\u00e9t\u00e9 intellectuelle, la reproduction, la distribution et la communication publique, y compris la mise \u00e0 disposition, de tout ou partie du contenu de ce site web, \u00e0 des fins commerciales, sur tout support et par tout moyen technique, sont express\u00e9ment interdites sans l&rsquo;autorisation de GREEN SELECT FRAGANTIS S.L. Tous droits r\u00e9serv\u00e9s.<\/p>\n\n<p>L&rsquo;UTILISATEUR s&rsquo;engage \u00e0 respecter les droits de propri\u00e9t\u00e9 intellectuelle et industrielle d\u00e9tenus par GREEN SELECT FRAGANTIS S.L. L&rsquo;UTILISATEUR peut visualiser les \u00e9l\u00e9ments du portail et m\u00eame les imprimer, les copier et les stocker sur le disque dur de son ordinateur ou sur tout autre support physique \u00e0 condition que ce soit uniquement et exclusivement pour son usage personnel et priv\u00e9. L&rsquo;UTILISATEUR doit s&rsquo;abstenir de supprimer, alt\u00e9rer, \u00e9luder ou manipuler tout dispositif de protection ou syst\u00e8me de s\u00e9curit\u00e9 install\u00e9 sur le site web de GREEN SELECT FRAGANTIS S.L..<\/p>\n\n<p>Droit d&rsquo;exclusion<\/p>\n\n<p>GREEN SELECT FRAGANTIS S.L. se r\u00e9serve le droit de refuser ou de retirer l&rsquo;acc\u00e8s au portail et\/ou aux services offerts sans pr\u00e9avis, \u00e0 sa propre demande ou \u00e0 la demande d&rsquo;un tiers, aux utilisateurs qui ne respectent pas les conditions d&rsquo;utilisation du portail.<\/p>\n\n<p>GREEN SELECT FRAGANTIS S.L. poursuivra la violation des conditions d&rsquo;utilisation du portail, ainsi que toute utilisation abusive de son portail, en exer\u00e7ant toutes les actions civiles et p\u00e9nales qui peuvent lui correspondre par la loi.<\/p>\n\n<p><strong>Modifications et liens<\/strong><\/p>\n\n<p>GREEN SELECT FRAGANTIS S.L. se r\u00e9serve le droit de proc\u00e9der \u00e0 des modifications inopin\u00e9es qu&rsquo;elle juge opportunes sur son site web, et peut modifier, supprimer ou ajouter des contenus et des services qu&rsquo;elle fournit et la mani\u00e8re dont ils sont pr\u00e9sent\u00e9s ou localis\u00e9s, ainsi que dans les conditions g\u00e9n\u00e9rales de contrat d\u00e9termin\u00e9es ici.<\/p>\n\n<p>GREEN SELECT FRAGANTIS S.L. n&rsquo;est pas responsable de la mauvaise utilisation des contenus de son site web, \u00e9tant la seule responsabilit\u00e9 de la personne qui y acc\u00e8de ou les utilise.<\/p>\n\n<p>Dans le cas o\u00f9 https:\/\/greenbotanic.es\/ contiendrait des liens ou des hyperliens vers d&rsquo;autres sites Internet, GREEN SELECT FRAGANTIS S.L., cr\u00e9ateur du site, n&rsquo;exerce aucun type de contr\u00f4le sur lesdits sites et contenus. En aucun cas, GREEN SELECT FRAGANTIS S.L., cr\u00e9ateur du site web, n&rsquo;assumera la responsabilit\u00e9 du contenu d&rsquo;un lien appartenant \u00e0 un site web externe, ni ne garantira la disponibilit\u00e9 technique, la qualit\u00e9, la fiabilit\u00e9, l&rsquo;exactitude, l&rsquo;exhaustivit\u00e9, la v\u00e9racit\u00e9, la validit\u00e9 et la constitutionnalit\u00e9 de tout mat\u00e9riel ou information contenu dans l&rsquo;un de ces hyperliens ou d&rsquo;autres sites Internet. De m\u00eame, l&rsquo;inclusion de ces connexions externes n&rsquo;implique aucun type d&rsquo;association, de fusion ou de participation avec les entit\u00e9s connect\u00e9es.<\/p>\n\n<p><strong>Droit applicable et juridiction comp\u00e9tente<\/strong><\/p>\n\n<p>Les conditions d&rsquo;utilisation du site web contenues dans le pr\u00e9sent avis juridique, ainsi que la relation entre l&rsquo;utilisateur et GREEN SELECT FRAGANTIS S.L., seront r\u00e9gies et interpr\u00e9t\u00e9es conform\u00e9ment \u00e0 la l\u00e9gislation espagnole. Pour la r\u00e9solution de tout conflit qui pourrait survenir, l&rsquo;utilisateur et GREEN SELECT FRAGANTIS S.L. se soumettent express\u00e9ment \u00e0 la juridiction des cours et tribunaux de la ville de ZARAGOZA, renon\u00e7ant express\u00e9ment \u00e0 toute autre juridiction qui pourrait leur correspondre.<\/p>\n","protected":false},"excerpt":{"rendered":"<p>Conform\u00e9ment \u00e0 l&rsquo;article 10 de la loi 34\/2002, du 11 juillet, sur les services de la soci\u00e9t\u00e9 de l&rsquo;information et le commerce \u00e9lectronique (LSSI+CE), vous \u00eates inform\u00e9 : Le propri\u00e9taire du site web https:\/\/greenbotanic.es\/ est : Nom de la soci\u00e9t\u00e9 : GREEN SELECT FRAGANTIS S.L. CIF: B99416752 Adresse:\u00a0Pol. Malpica, C\/D, Parc. 66, Local C, S\/N, &#8230; <a title=\"Notice l\u00e9gale\" class=\"read-more\" href=\"https:\/\/greenbotanic.es\/fr\/notice-legale\" aria-label=\"En savoir plus sur Notice l\u00e9gale\">Lire plus<\/a><\/p>\n","protected":false},"author":2,"featured_media":0,"parent":0,"menu_order":0,"comment_status":"closed","ping_status":"closed","template":"","meta":{"footnotes":""},"class_list":["post-2284","page","type-page","status-publish"],"_links":{"self":[{"href":"https:\/\/greenbotanic.es\/fr\/wp-json\/wp\/v2\/pages\/2284","targetHints":{"allow":["GET"]}}],"collection":[{"href":"https:\/\/greenbotanic.es\/fr\/wp-json\/wp\/v2\/pages"}],"about":[{"href":"https:\/\/greenbotanic.es\/fr\/wp-json\/wp\/v2\/types\/page"}],"author":[{"embeddable":true,"href":"https:\/\/greenbotanic.es\/fr\/wp-json\/wp\/v2\/users\/2"}],"replies":[{"embeddable":true,"href":"https:\/\/greenbotanic.es\/fr\/wp-json\/wp\/v2\/comments?post=2284"}],"version-history":[{"count":5,"href":"https:\/\/greenbotanic.es\/fr\/wp-json\/wp\/v2\/pages\/2284\/revisions"}],"predecessor-version":[{"id":2315,"href":"https:\/\/greenbotanic.es\/fr\/wp-json\/wp\/v2\/pages\/2284\/revisions\/2315"}],"wp:attachment":[{"href":"https:\/\/greenbotanic.es\/fr\/wp-json\/wp\/v2\/media?parent=2284"}],"curies":[{"name":"wp","href":"https:\/\/api.w.org\/{rel}","templated":true}]}}